{"id":8579,"date":"2025-02-15T14:23:16","date_gmt":"2025-02-15T11:23:16","guid":{"rendered":"https:\/\/nizamknife.com\/tr\/?post_type=product&#038;p=8579"},"modified":"2026-05-07T21:08:49","modified_gmt":"2026-05-07T18:08:49","slug":"yeni-caki-tuna","status":"publish","type":"product","link":"https:\/\/nizamknife.com\/tr\/urun\/yeni-caki-tuna\/","title":{"rendered":"(YEN\u0130)  TUNA \u00c7AKI"},"content":{"rendered":"<p>Nizam Knife olarak seri numaral\u0131 olarak size gelecek olan \u00c7ak\u0131m\u0131za sahip oldu\u011funuz i\u00e7in mutluyum.<\/p>\n<p>Youtube Kanal\u0131m\u0131zda detayl\u0131 inceleme videosu var. \u0130zlemediyseniz \u00f6nce izleyip sonra sahip olman\u0131z\u0131 isterim.<\/p>\n<div class=\"ast-oembed-container \" style=\"height: 100%;\"><iframe title=\"Haz\u0131r m\u0131y\u0131z? Katlanabilir B\u0131\u00e7ak Nizam \u00c7ak\u0131 TUNA modeli ilk g\u00f6sterim\" width=\"500\" height=\"281\" src=\"https:\/\/www.youtube.com\/embed\/915G3N-xdHo?feature=oembed\" frameborder=\"0\" allow=\"accelerometer; autoplay; clipboard-write; encrypted-media; gyroscope; picture-in-picture; web-share\" referrerpolicy=\"strict-origin-when-cross-origin\" allowfullscreen><\/iframe><\/div>\n","protected":false},"excerpt":{"rendered":"<p>Kabza renklerini di\u011fer detaylar\u0131 Whatsapp \u00fczerinden g\u00f6r\u00fc\u015fece\u011fiz.<\/p>\n<p>Yo\u011fun talep oldu\u011fu i\u00e7in h\u0131zl\u0131ca \u015fimdi sat\u0131\u015fa a\u00e7t\u0131k \ud83d\ude42<\/p>\n<p>Teslimat s\u00fcresi 3-7 g\u00fcn<\/p>\n","protected":false},"featured_media":9098,"comment_status":"open","ping_status":"closed","template":"","meta":{"site-sidebar-layout":"default","site-content-layout":"","ast-site-content-layout":"default","site-content-style":"default","site-sidebar-style":"default","ast-global-header-display":"","ast-banner-title-visibility":"","ast-main-header-display":"","ast-hfb-above-header-display":"","ast-hfb-below-header-display":"","ast-hfb-mobile-header-display":"","site-post-title":"","ast-breadcrumbs-content":"","ast-featured-img":"","footer-sml-layout":"","ast-disable-related-posts":"","theme-transparent-header-meta":"default","adv-header-id-meta":"","stick-header-meta":"","header-above-stick-meta":"","header-main-stick-meta":"","header-below-stick-meta":"","astra-migrate-meta-layouts":"set","ast-page-background-enabled":"default","ast-page-background-meta":{"desktop":{"background-color":"var(--ast-global-color-4)","background-image":"","background-repeat":"repeat","background-position":"center center","background-size":"auto","background-attachment":"scroll","background-type":"","background-media":"","overlay-type":"","overlay-color":"","overlay-opacity":"","overlay-gradient":""},"tablet":{"background-color":"","background-image":"","background-repeat":"repeat","background-position":"center center","background-size":"auto","background-attachment":"scroll","background-type":"","background-media":"","overlay-type":"","overlay-color":"","overlay-opacity":"","overlay-gradient":""},"mobile":{"background-color":"","background-image":"","background-repeat":"repeat","background-position":"center center","background-size":"auto","background-attachment":"scroll","background-type":"","background-media":"","overlay-type":"","overlay-color":"","overlay-opacity":"","overlay-gradient":""}},"ast-content-background-meta":{"desktop":{"background-color":"var(--ast-global-color-5)","background-image":"","background-repeat":"repeat","background-position":"center center","background-size":"auto","background-attachment":"scroll","background-type":"","background-media":"","overlay-type":"","overlay-color":"","overlay-opacity":"","overlay-gradient":""},"tablet":{"background-color":"var(--ast-global-color-5)","background-image":"","background-repeat":"repeat","background-position":"center center","background-size":"auto","background-attachment":"scroll","background-type":"","background-media":"","overlay-type":"","overlay-color":"","overlay-opacity":"","overlay-gradient":""},"mobile":{"background-color":"var(--ast-global-color-5)","background-image":"","background-repeat":"repeat","background-position":"center center","background-size":"auto","background-attachment":"scroll","background-type":"","background-media":"","overlay-type":"","overlay-color":"","overlay-opacity":"","overlay-gradient":""}}},"product_brand":[],"product_cat":[205],"product_tag":[],"class_list":{"0":"post-8579","1":"product","2":"type-product","3":"status-publish","4":"has-post-thumbnail","6":"product_cat-genel","7":"desktop-align-left","8":"tablet-align-left","9":"mobile-align-left","11":"first","12":"instock","13":"sale","14":"purchasable","15":"product-type-simple"},"jetpack_sharing_enabled":true,"_links":{"self":[{"href":"https:\/\/nizamknife.com\/tr\/wp-json\/wp\/v2\/product\/8579","targetHints":{"allow":["GET"]}}],"collection":[{"href":"https:\/\/nizamknife.com\/tr\/wp-json\/wp\/v2\/product"}],"about":[{"href":"https:\/\/nizamknife.com\/tr\/wp-json\/wp\/v2\/types\/product"}],"replies":[{"embeddable":true,"href":"https:\/\/nizamknife.com\/tr\/wp-json\/wp\/v2\/comments?post=8579"}],"wp:featuredmedia":[{"embeddable":true,"href":"https:\/\/nizamknife.com\/tr\/wp-json\/wp\/v2\/media\/9098"}],"wp:attachment":[{"href":"https:\/\/nizamknife.com\/tr\/wp-json\/wp\/v2\/media?parent=8579"}],"wp:term":[{"taxonomy":"product_brand","embeddable":true,"href":"https:\/\/nizamknife.com\/tr\/wp-json\/wp\/v2\/product_brand?post=8579"},{"taxonomy":"product_cat","embeddable":true,"href":"https:\/\/nizamknife.com\/tr\/wp-json\/wp\/v2\/product_cat?post=8579"},{"taxonomy":"product_tag","embeddable":true,"href":"https:\/\/nizamknife.com\/tr\/wp-json\/wp\/v2\/product_tag?post=8579"}],"curies":[{"name":"wp","href":"https:\/\/api.w.org\/{rel}","templated":true}]}}