{"id":7446,"date":"2023-10-26T20:56:34","date_gmt":"2023-10-26T17:56:34","guid":{"rendered":"https:\/\/nizamknife.com\/tr\/?post_type=product&#038;p=7446"},"modified":"2025-08-01T16:50:02","modified_gmt":"2025-08-01T13:50:02","slug":"ata-100-yil","status":"publish","type":"product","link":"https:\/\/nizamknife.com\/tr\/urun\/ata-100-yil\/","title":{"rendered":"ATA (100. Y\u0131l)"},"content":{"rendered":"<h4>Cumhuriyetimizin 100. y\u0131l\u0131 her ne kadar s\u00f6n\u00fck ge\u00e7iyor olsa da Nizam B\u0131\u00e7ak olarak bir daha ya\u015fan\u0131lmayacak bu g\u00fcne bir hat\u0131ra b\u0131rakmak i\u00e7in \u201c100. Y\u0131l B\u0131\u00e7a\u011f\u0131\u201d tasarlad\u0131k.<\/h4>\n<h4>\u00c7elik olarak bizim i\u00e7in standartla\u015fan N690 kulland\u0131k. Kabzas\u0131n\u0131 ise abanoz a\u011fac\u0131ndan 2 kat daha yo\u011fun bir a\u011fa\u00e7 olan \u201cSiyah Bambu\u201d kulland\u0131k. Daha \u00f6nce kullanmad\u0131\u011f\u0131m\u0131z bu a\u011fac\u0131 sa\u011flaml\u0131\u011f\u0131 ve su ge\u00e7irmezli\u011fini \u00e7ok sevdik.<\/h4>\n<h4>K\u0131l\u0131f\u0131n\u0131 ise turktaktik sayesinde sadece ABD de \u00fcretilen ki\u015fiselle\u015ftirilmi\u015f bask\u0131l\u0131 kydex yapt\u0131k. Bir y\u00fcz\u00fcnde Ata\u2019m\u0131z di\u011fer y\u00fcz\u00fcnde ise Bayra\u011f\u0131m\u0131z ve b\u0131\u00e7a\u011f\u0131m\u0131z\u0131n ismi olan \u201cATA\u201d bas\u0131l\u0131. ATA model b\u0131\u00e7a\u011f\u0131 s\u0131n\u0131rl\u0131 stok \u00fcretece\u011fiz ve seri numaras\u0131n\u0131 logomuzun alt\u0131na yazd\u0131k. Metalin di\u011fer y\u00fczeyinde ise 100. Y\u0131l armam\u0131z var.<\/h4>\n<h4>Hem koleksiyonluk hem de g\u00fcnl\u00fck kullan\u0131m i\u00e7in tasarlanan modelimiz<\/h4>\n","protected":false},"excerpt":{"rendered":"<p><span style=\"color: #000000;\"><strong>Sat\u0131n al\u0131nan \u00fcr\u00fcn\u00fcn\u00fcn ortalama teslimat s\u00fcresi hakk\u0131nda bilgi sat\u0131n ald\u0131ktan sonra Whatsapp \u00fczerinden verilecek.<\/strong><\/span><\/p>\n<hr \/>\n<p>&nbsp;<\/p>\n<hr \/>\n<p>&nbsp;<\/p>\n","protected":false},"featured_media":7464,"comment_status":"open","ping_status":"closed","template":"","meta":{"site-sidebar-layout":"default","site-content-layout":"","ast-site-content-layout":"default","site-content-style":"default","site-sidebar-style":"default","ast-global-header-display":"","ast-banner-title-visibility":"","ast-main-header-display":"","ast-hfb-above-header-display":"","ast-hfb-below-header-display":"","ast-hfb-mobile-header-display":"","site-post-title":"","ast-breadcrumbs-content":"","ast-featured-img":"","footer-sml-layout":"","ast-disable-related-posts":"","theme-transparent-header-meta":"default","adv-header-id-meta":"","stick-header-meta":"","header-above-stick-meta":"","header-main-stick-meta":"","header-below-stick-meta":"","astra-migrate-meta-layouts":"set","ast-page-background-enabled":"default","ast-page-background-meta":{"desktop":{"background-color":"var(--ast-global-color-4)","background-image":"","background-repeat":"repeat","background-position":"center center","background-size":"auto","background-attachment":"scroll","background-type":"","background-media":"","overlay-type":"","overlay-color":"","overlay-opacity":"","overlay-gradient":""},"tablet":{"background-color":"","background-image":"","background-repeat":"repeat","background-position":"center center","background-size":"auto","background-attachment":"scroll","background-type":"","background-media":"","overlay-type":"","overlay-color":"","overlay-opacity":"","overlay-gradient":""},"mobile":{"background-color":"","background-image":"","background-repeat":"repeat","background-position":"center center","background-size":"auto","background-attachment":"scroll","background-type":"","background-media":"","overlay-type":"","overlay-color":"","overlay-opacity":"","overlay-gradient":""}},"ast-content-background-meta":{"desktop":{"background-color":"var(--ast-global-color-5)","background-image":"","background-repeat":"repeat","background-position":"center center","background-size":"auto","background-attachment":"scroll","background-type":"","background-media":"","overlay-type":"","overlay-color":"","overlay-opacity":"","overlay-gradient":""},"tablet":{"background-color":"var(--ast-global-color-5)","background-image":"","background-repeat":"repeat","background-position":"center center","background-size":"auto","background-attachment":"scroll","background-type":"","background-media":"","overlay-type":"","overlay-color":"","overlay-opacity":"","overlay-gradient":""},"mobile":{"background-color":"var(--ast-global-color-5)","background-image":"","background-repeat":"repeat","background-position":"center center","background-size":"auto","background-attachment":"scroll","background-type":"","background-media":"","overlay-type":"","overlay-color":"","overlay-opacity":"","overlay-gradient":""}}},"product_brand":[],"product_cat":[83,87,85],"product_tag":[],"class_list":{"0":"post-7446","1":"product","2":"type-product","3":"status-publish","4":"has-post-thumbnail","6":"product_cat-askeri","7":"product_cat-boyun-ve-kolye","8":"product_cat-kamp","9":"desktop-align-left","10":"tablet-align-left","11":"mobile-align-left","13":"first","14":"instock","15":"taxable","16":"shipping-taxable","17":"purchasable","18":"product-type-simple"},"jetpack_sharing_enabled":true,"_links":{"self":[{"href":"https:\/\/nizamknife.com\/tr\/wp-json\/wp\/v2\/product\/7446","targetHints":{"allow":["GET"]}}],"collection":[{"href":"https:\/\/nizamknife.com\/tr\/wp-json\/wp\/v2\/product"}],"about":[{"href":"https:\/\/nizamknife.com\/tr\/wp-json\/wp\/v2\/types\/product"}],"replies":[{"embeddable":true,"href":"https:\/\/nizamknife.com\/tr\/wp-json\/wp\/v2\/comments?post=7446"}],"wp:featuredmedia":[{"embeddable":true,"href":"https:\/\/nizamknife.com\/tr\/wp-json\/wp\/v2\/media\/7464"}],"wp:attachment":[{"href":"https:\/\/nizamknife.com\/tr\/wp-json\/wp\/v2\/media?parent=7446"}],"wp:term":[{"taxonomy":"product_brand","embeddable":true,"href":"https:\/\/nizamknife.com\/tr\/wp-json\/wp\/v2\/product_brand?post=7446"},{"taxonomy":"product_cat","embeddable":true,"href":"https:\/\/nizamknife.com\/tr\/wp-json\/wp\/v2\/product_cat?post=7446"},{"taxonomy":"product_tag","embeddable":true,"href":"https:\/\/nizamknife.com\/tr\/wp-json\/wp\/v2\/product_tag?post=7446"}],"curies":[{"name":"wp","href":"https:\/\/api.w.org\/{rel}","templated":true}]}}