{"id":3947,"date":"2021-07-27T10:52:01","date_gmt":"2021-07-27T07:52:01","guid":{"rendered":"https:\/\/nizamknife.com\/tr\/?post_type=product&#038;p=3947"},"modified":"2025-08-01T16:51:50","modified_gmt":"2025-08-01T13:51:50","slug":"mini-pars-skandi","status":"publish","type":"product","link":"https:\/\/nizamknife.com\/tr\/urun\/mini-pars-skandi\/","title":{"rendered":"Mini Pars Skandi"},"content":{"rendered":"<ul>\n<li><strong>\u00c7elik: 4 mm B\u00d6HLER N690<\/strong><\/li>\n<li><strong>Namlu Uzunlu\u011fu: 60 mm<\/strong><\/li>\n<li><strong>Toplam Uzunluk: 165 mm<\/strong><\/li>\n<li><strong>Mozaik Pim<\/strong><\/li>\n<\/ul>\n<h2><strong>\u00a0 \u00a0 \u00a0 \u00a0 \u00a0 \u00a0 \u00a0 \u00a0 \u00a0 \u00a0 \u00a0 \u00a0 \u00a0 \u00a0 \u00a0 \u00a0 \u00a0 Genel \u00d6zellikler<\/strong><\/h2>\n<p>&nbsp;<\/p>\n<p>Pars model ailenden\u00a0 biri olan Mini Pars model&#8217;in ilk \u00e7\u0131k\u0131\u015f hikayesini anlatay\u0131m size. 6 ya\u015f\u0131nda bizi\u00a0<a href=\"https:\/\/www.instagram.com\/nizam.knife\/\">\u0130nstagram&#8217;dan<\/a> g\u00f6rm\u00fc\u015f bir karde\u015fimiz babas\u0131n\u0131n elinden tutarak gelip benden b\u0131\u00e7ak yapmam\u0131 istedi. Model olarak Pars modelini be\u011fendi ben de Mini Pars&#8217;\u0131 hayata ge\u00e7irerek ilk tohumlar\u0131n\u0131 atm\u0131\u015f olduk hem modelin hem de ufak karde\u015fimizin i\u00e7indeki b\u0131\u00e7ak sevgisinin. Daha sonralarda Mini Pars ve Yavru Pars olarak ayr\u0131ma gittik. \u0130ki model aras\u0131nda ki temel fark ise Yavru Pars&#8217;\u0131n u\u00e7 k\u0131sm\u0131n\u0131n k\u00fct (TEHL\u0130KES\u0130Z) olmas\u0131.<\/p>\n<p>Yavru Pars karde\u015flerimize, Mini Pars ise k\u00fc\u00e7\u00fck b\u0131\u00e7ak sevenlere \u00f6m\u00fcrleri boyunca e\u015flik etmeye devam edecek \ud83d\ude42<\/p>\n<p><strong>Scandi:<\/strong>\u00a0 \u00d6zellikle a\u011fac\u0131 elinize al\u0131p yontmaya ba\u015flad\u0131\u011f\u0131n\u0131zda scandinin ne demek oldu\u011funu anlayacaks\u0131n\u0131z ama ben yine de size anlatay\u0131m \ud83d\ude42 toplamda 25 derecelik a\u00e7\u0131ya sahip ve ikincil bir kesici a\u011f\u0131z\u0131 bulunmayan ve kolay bilenebilen a\u011f\u0131z yap\u0131s\u0131d\u0131r. Detayl\u0131 bilgi i\u00e7in <a href=\"https:\/\/youtu.be\/ea3ggOyD0ko?si=Jnt5q2NR2JX5R-PQ\" target=\"_blank\" rel=\"noopener\">link<\/a> b\u0131rak\u0131yorum.<\/p>\n<p>&nbsp;<\/p>\n<p><strong>G- Carta:<\/strong> S\u0131k\u0131\u015ft\u0131r\u0131larak desen verilmi\u015f ve i\u00e7ine epoxy emdirilerek \u00fcretilen bir kabza malzemesidir. Bir \u00e7ok renk ve desen kombinasyonuna sahiptir. Kesinlikle su ge\u00e7irmez ve pamuklu kuma\u015f\u0131n yap\u0131s\u0131 sayesinde elden kaymaz. E\u011fer hem \u00e7ok sa\u011flam hem de uzun \u00f6m\u00fcrl\u00fc bir kabza d\u00fc\u015f\u00fcn\u00fcyorsan\u0131z tercih etmelisiniz. G-Cartan\u0131n mikartadan fark\u0131 ise kuma\u015flar\u0131n yatay de\u011fil dikey olarak i\u015flenmesidir. Bu da sa\u011flaml\u0131\u011f\u0131 daha da art\u0131r\u0131r. kabza \u00e7e\u015fitlerini anlatt\u0131\u011f\u0131m videonun\u00a0<a href=\"https:\/\/youtu.be\/jf3lK8rYd74?si=KhPpyQfnuReFKTAB\" target=\"_blank\" rel=\"noopener\">link<\/a> burada<\/p>\n<p>&nbsp;<\/p>\n<p><strong>S\u0131rt Deseni: <\/strong>G\u00f6rsel ve koleksiyonluk de\u011feri art\u0131rd\u0131\u011f\u0131 \u015f\u00fcphe g\u00f6t\u00fcrmez. Ancak magnezyum \u00e7ubu\u011fu kullanacaksan\u0131z, \u00a0s\u0131rt deseni sizin i\u00e7in i\u015flev eksikli\u011fine neden olur. Magnezyum \u00e7ubu\u011fu b\u0131\u00e7a\u011f\u0131n s\u0131rt\u0131 ile keskin k\u00f6\u015felerine s\u00fcrt\u00fcnerek k\u0131v\u0131lc\u0131m \u00e7\u0131kart\u0131r. Bu k\u0131sma desen yap\u0131ld\u0131\u011f\u0131nda keskin k\u00f6\u015feler yuvarland\u0131\u011f\u0131 ve kesikli hale geldi\u011fi i\u00e7in magnezyum \u00e7ubu\u011funun performans\u0131n\u0131 d\u00fc\u015f\u00fcr\u00fcr. E\u011fer <span style=\"color: #ff0000;\">magnezyum \u00e7ubu\u011fu kullanacaksan\u0131z kabza k\u0131sm\u0131na s\u0131rt deseni yap\u0131lmas\u0131<\/span> daha uygun olur.<\/p>\n<p>&nbsp;<\/p>\n<p><strong>Kydex:\u00a0<\/strong>Termoplastik olan kydex kolay temizlenen, kemere kemerinizi \u00e7\u0131karmadan tak\u0131labilen hatta e\u015fofman\u0131n\u0131zda bile ta\u015f\u0131yabilece\u011finiz, askeri olarak h\u00fccum yele\u011fine \u00e7ok kolay monte edilen ve de bak\u0131m gerektirmeyen bir k\u0131l\u0131ft\u0131r. B\u0131\u00e7a\u011f\u0131n\u0131z kydex k\u0131l\u0131f ile g\u00f6nderilecek. k\u0131l\u0131fs\u0131z sat\u0131\u015f\u0131m\u0131z yok. 2 renk se\u00e7ene\u011fi mevcut. Aksi belirtilmedi\u011fi s\u00fcrece at\u00f6lyemizde kabzaya uygun\/yak\u0131\u015fan renk ile g\u00f6nderim yap\u0131l\u0131r.<\/p>\n<p>&nbsp;<\/p>\n<p><strong>Magnezyum \u00c7ubu\u011fu:<\/strong> Do\u011fada ate\u015f yakmak i\u00e7in kullan\u0131lan bir \u00fcr\u00fcnd\u00fcr. Islanmas\u0131 kullan\u0131lmas\u0131na engel de\u011fildir. Ortalama 10000 at\u0131ma sahiptir. Sipari\u015f verdi\u011finizde b\u0131\u00e7a\u011f\u0131n\u0131z\u0131n k\u0131l\u0131f\u0131n\u0131n yan\u0131nda ve b\u0131\u00e7a\u011f\u0131n\u0131zda se\u00e7ti\u011finiz kabza malzemesinden tutama\u00e7 ile tak\u0131m olarak imal edilir. 8 cm ve 8 mm \u00f6l\u00e7\u00fclerinde olan magnezyum \u00e7ubu\u011fu araziye giden herkesin yan\u0131nda olmas\u0131 gereken bir ekipmand\u0131r. bence \ud83d\ude42 ate\u015f ba\u015flatma videosu da\u00a0<a href=\"https:\/\/youtu.be\/i-a7AzMpYYw?si=lot62YR6_Hnf763d\" target=\"_blank\" rel=\"noopener\">burada<\/a> .<\/p>\n<p>&nbsp;<\/p>\n","protected":false},"excerpt":{"rendered":"<p><strong>Kullan\u0131m haklar\u0131n\u0131 sat\u0131n ald\u0131\u011f\u0131n\u0131z \u00fcr\u00fcn\u00fcn\u00fcn tahmin edilen imalat s\u00fcresi<span style=\"color: #ff0000;\"> 4 &#8211; 7 HAFTA<\/span><span style=\"color: #ff0000;\"><span style=\"color: #000000;\">&#8216;d\u0131r<\/span><\/span><span style=\"color: #000000;\">. <\/span><\/strong><\/p>\n<p><strong><span style=\"color: #000000;\">Ancak el yap\u0131m\u0131 \u00fcr\u00fcn oldu\u011fu i\u00e7in s\u00fcrede +\/- de\u011fi\u015fiklikler ya\u015fanabilir.<\/span><\/strong><\/p>\n<p><span style=\"color: #000000;\">Ki\u015fiye \u00f6zel imalat yapt\u0131\u011f\u0131m\u0131zdan, kalite ve i\u015f\u00e7ili\u011fin d\u00fc\u015fmemesi ad\u0131na imalat s\u00fcremizi uzun tutmak zorunda kal\u0131yoruz. Anlay\u0131\u015f\u0131n\u0131z i\u00e7in te\u015fekk\u00fcr ederiz.\u00a0<\/span><\/p>\n<p>Haz\u0131r stok sormak i\u00e7in l\u00fctfen aray\u0131n. +90 543 644 2932<\/p>\n<hr \/>\n<p><strong>\u00d6zel istekleriniz ve akl\u0131n\u0131za tak\u0131lan konular i\u00e7in sa\u011f alt k\u00f6\u015fede bulunan<span style=\"color: #00ff00;\"> Whatsapp<\/span> destek hatt\u0131na yazabilirsiniz.<\/strong><\/p>\n<hr \/>\n<p>&nbsp;<\/p>\n","protected":false},"featured_media":7174,"comment_status":"open","ping_status":"closed","template":"","meta":{"site-sidebar-layout":"default","site-content-layout":"","ast-site-content-layout":"default","site-content-style":"default","site-sidebar-style":"default","ast-global-header-display":"","ast-banner-title-visibility":"","ast-main-header-display":"","ast-hfb-above-header-display":"","ast-hfb-below-header-display":"","ast-hfb-mobile-header-display":"","site-post-title":"","ast-breadcrumbs-content":"","ast-featured-img":"","footer-sml-layout":"","ast-disable-related-posts":"","theme-transparent-header-meta":"default","adv-header-id-meta":"","stick-header-meta":"","header-above-stick-meta":"","header-main-stick-meta":"","header-below-stick-meta":"","astra-migrate-meta-layouts":"set","ast-page-background-enabled":"default","ast-page-background-meta":{"desktop":{"background-color":"var(--ast-global-color-4)","background-image":"","background-repeat":"repeat","background-position":"center center","background-size":"auto","background-attachment":"scroll","background-type":"","background-media":"","overlay-type":"","overlay-color":"","overlay-opacity":"","overlay-gradient":""},"tablet":{"background-color":"","background-image":"","background-repeat":"repeat","background-position":"center center","background-size":"auto","background-attachment":"scroll","background-type":"","background-media":"","overlay-type":"","overlay-color":"","overlay-opacity":"","overlay-gradient":""},"mobile":{"background-color":"","background-image":"","background-repeat":"repeat","background-position":"center center","background-size":"auto","background-attachment":"scroll","background-type":"","background-media":"","overlay-type":"","overlay-color":"","overlay-opacity":"","overlay-gradient":""}},"ast-content-background-meta":{"desktop":{"background-color":"var(--ast-global-color-5)","background-image":"","background-repeat":"repeat","background-position":"center center","background-size":"auto","background-attachment":"scroll","background-type":"","background-media":"","overlay-type":"","overlay-color":"","overlay-opacity":"","overlay-gradient":""},"tablet":{"background-color":"var(--ast-global-color-5)","background-image":"","background-repeat":"repeat","background-position":"center center","background-size":"auto","background-attachment":"scroll","background-type":"","background-media":"","overlay-type":"","overlay-color":"","overlay-opacity":"","overlay-gradient":""},"mobile":{"background-color":"var(--ast-global-color-5)","background-image":"","background-repeat":"repeat","background-position":"center center","background-size":"auto","background-attachment":"scroll","background-type":"","background-media":"","overlay-type":"","overlay-color":"","overlay-opacity":"","overlay-gradient":""}}},"product_brand":[],"product_cat":[84,85],"product_tag":[],"class_list":{"0":"post-3947","1":"product","2":"type-product","3":"status-publish","4":"has-post-thumbnail","6":"product_cat-av","7":"product_cat-kamp","8":"desktop-align-left","9":"tablet-align-left","10":"mobile-align-left","12":"first","13":"instock","14":"taxable","15":"shipping-taxable","16":"purchasable","17":"product-type-variable"},"jetpack_sharing_enabled":true,"_links":{"self":[{"href":"https:\/\/nizamknife.com\/tr\/wp-json\/wp\/v2\/product\/3947","targetHints":{"allow":["GET"]}}],"collection":[{"href":"https:\/\/nizamknife.com\/tr\/wp-json\/wp\/v2\/product"}],"about":[{"href":"https:\/\/nizamknife.com\/tr\/wp-json\/wp\/v2\/types\/product"}],"replies":[{"embeddable":true,"href":"https:\/\/nizamknife.com\/tr\/wp-json\/wp\/v2\/comments?post=3947"}],"wp:featuredmedia":[{"embeddable":true,"href":"https:\/\/nizamknife.com\/tr\/wp-json\/wp\/v2\/media\/7174"}],"wp:attachment":[{"href":"https:\/\/nizamknife.com\/tr\/wp-json\/wp\/v2\/media?parent=3947"}],"wp:term":[{"taxonomy":"product_brand","embeddable":true,"href":"https:\/\/nizamknife.com\/tr\/wp-json\/wp\/v2\/product_brand?post=3947"},{"taxonomy":"product_cat","embeddable":true,"href":"https:\/\/nizamknife.com\/tr\/wp-json\/wp\/v2\/product_cat?post=3947"},{"taxonomy":"product_tag","embeddable":true,"href":"https:\/\/nizamknife.com\/tr\/wp-json\/wp\/v2\/product_tag?post=3947"}],"curies":[{"name":"wp","href":"https:\/\/api.w.org\/{rel}","templated":true}]}}