{"id":1583,"date":"2021-07-27T10:36:07","date_gmt":"2021-07-27T07:36:07","guid":{"rendered":"https:\/\/nizamknife.com\/tr\/?post_type=product&#038;p=1583"},"modified":"2025-08-01T16:53:01","modified_gmt":"2025-08-01T13:53:01","slug":"yeni-pars","status":"publish","type":"product","link":"https:\/\/nizamknife.com\/tr\/urun\/yeni-pars\/","title":{"rendered":"Yeni Pars"},"content":{"rendered":"<ul>\n<li><strong>\u00c7elik: 4 mm B\u00d6HLER N690<\/strong><\/li>\n<li><strong>Namlu Uzunlu\u011fu: 110 mm<\/strong><\/li>\n<li><strong>Toplam Uzunluk: 230 mm<\/strong><\/li>\n<li><strong>Mozaik Pim<\/strong><\/li>\n<\/ul>\n<h2><strong>\u00a0 \u00a0 \u00a0 \u00a0 \u00a0 \u00a0 \u00a0 \u00a0 \u00a0 \u00a0 \u00a0 \u00a0 \u00a0 \u00a0 \u00a0 \u00a0 \u00a0 Genel \u00d6zellikler<\/strong><\/h2>\n<p>&nbsp;<\/p>\n<p>ilk tasar\u0131m\u0131n\u0131 yapt\u0131\u011f\u0131m g\u00fcnden itibaren her sene en \u00e7ok sat\u0131lan model oldu (yar\u0131m s\u0131rt deseni ve magnezyum \u00e7ubukla beraber). fuarlarda da en \u00e7ok dikkat \u00e7eken model Yenipars oluyor. ilk\u00a0 tasar\u0131mlar\u0131mdan biri olan Pars modelin \u00fcst\u00fcnde geli\u015ftirmeler yaparak ortaya \u00e7\u0131kard\u0131m. Sadece T\u00fcrkiye i\u00e7i de\u011fil ihra\u00e7 olarak en \u00e7ok sat\u0131lan model yine Yenipars.<\/p>\n<p>Modelimizin en belirgin \u00f6zellikleri; drpo point namluya sahip olmas\u0131 (d\u00fcnya genelinde en \u00e7ok kabul g\u00f6rm\u00fc\u015f namlu ucu), uzun namlusu sayesinde daha uzun a\u011fa\u00e7lara batoning yapmaya elveri\u015fli, arka k\u0131sm\u0131nda olan \u00e7\u0131k\u0131nt\u0131 ise cam k\u0131rma, savunma, \u015fi\u015fe a\u00e7ma, ate\u015f \u00e7ubu\u011fu kullanma ve \u00e7ivi \u00e7akma i\u015ferinde yard\u0131mc\u0131 olur.<\/p>\n<p>&nbsp;<\/p>\n<p><strong>Y\u00fcksek Ta\u015flama:\u00a0 <\/strong>Genel kullan\u0131m b\u0131\u00e7a\u011f\u0131 olarak y\u00fcksek ta\u015flama daha uygundur.\u00a0 Kamp faaliyetlerinde genel ( Sebze-meyve do\u011frama, g\u00fcnl\u00fck ihtiya\u00e7lar vb.) kullan\u0131m i\u00e7in \u2018y\u00fcksek ta\u015flama\u2019 a\u011f\u0131z yap\u0131s\u0131n\u0131 tercih edebilirsiniz. A\u011fa\u00e7 i\u015fleme konusunda ba\u015far\u0131s\u0131zd\u0131r. Tek bir kamp b\u0131\u00e7a\u011f\u0131 d\u00fc\u015f\u00fcn\u00fcyorsan\u0131z skandi \u00f6neririz. scandi ve y\u00fcksek ta\u015flama aras\u0131ndaki fark\u0131 daha iyi anlaman\u0131z i\u00e7in\u00a0<a href=\"https:\/\/youtu.be\/ea3ggOyD0ko?si=BWpCwK8g7GKsQ4GC\">link b\u0131rak\u0131yorum<\/a><\/p>\n<p>&nbsp;<\/p>\n<p><strong>G- Carta:<\/strong> S\u0131k\u0131\u015ft\u0131r\u0131larak desen verilmi\u015f ve i\u00e7ine epoxy emdirilerek \u00fcretilen bir kabza malzemesidir. Bir \u00e7ok renk ve desen kombinasyonuna sahiptir. Kesinlikle su ge\u00e7irmez ve pamuklu kuma\u015f\u0131n yap\u0131s\u0131 sayesinde elden kaymaz. E\u011fer hem \u00e7ok sa\u011flam hem de uzun \u00f6m\u00fcrl\u00fc bir kabza d\u00fc\u015f\u00fcn\u00fcyorsan\u0131z tercih etmelisiniz. G-Cartan\u0131n mikartadan fark\u0131 ise kuma\u015flar\u0131n yatay de\u011fil dikey olarak i\u015flenmesidir. Bu da sa\u011flaml\u0131\u011f\u0131 daha da art\u0131r\u0131r. kabza \u00e7e\u015fitlerini anlatt\u0131\u011f\u0131m videonun\u00a0<a href=\"https:\/\/youtu.be\/jf3lK8rYd74?si=KhPpyQfnuReFKTAB\" target=\"_blank\" rel=\"noopener\">link<\/a> burada<\/p>\n<p>&nbsp;<\/p>\n<p><strong>S\u0131rt Deseni: <\/strong>G\u00f6rsel ve koleksiyonluk de\u011feri art\u0131rd\u0131\u011f\u0131 \u015f\u00fcphe g\u00f6t\u00fcrmez. Ancak magnezyum \u00e7ubu\u011fu kullanacaksan\u0131z, \u00a0s\u0131rt deseni sizin i\u00e7in i\u015flev eksikli\u011fine neden olur. Magnezyum \u00e7ubu\u011fu b\u0131\u00e7a\u011f\u0131n s\u0131rt\u0131 ile keskin k\u00f6\u015felerine s\u00fcrt\u00fcnerek k\u0131v\u0131lc\u0131m \u00e7\u0131kart\u0131r. Bu k\u0131sma desen yap\u0131ld\u0131\u011f\u0131nda keskin k\u00f6\u015feler yuvarland\u0131\u011f\u0131 ve kesikli hale geldi\u011fi i\u00e7in magnezyum \u00e7ubu\u011funun performans\u0131n\u0131 d\u00fc\u015f\u00fcr\u00fcr. E\u011fer <span style=\"color: #ff0000;\">magnezyum \u00e7ubu\u011fu kullanacaksan\u0131z kabza k\u0131sm\u0131na s\u0131rt deseni yap\u0131lmas\u0131<\/span> daha uygun olur.<\/p>\n<p>&nbsp;<\/p>\n<p><strong>Kydex:\u00a0<\/strong>Termoplastik olan kydex kolay temizlenen, kemere kemerinizi \u00e7\u0131karmadan tak\u0131labilen hatta e\u015fofman\u0131n\u0131zda bile ta\u015f\u0131yabilece\u011finiz, askeri olarak h\u00fccum yele\u011fine \u00e7ok kolay monte edilen ve de bak\u0131m gerektirmeyen bir k\u0131l\u0131ft\u0131r. B\u0131\u00e7a\u011f\u0131n\u0131z kydex k\u0131l\u0131f ile g\u00f6nderilecek. k\u0131l\u0131fs\u0131z sat\u0131\u015f\u0131m\u0131z yok. 2 renk se\u00e7ene\u011fi mevcut. Aksi belirtilmedi\u011fi s\u00fcrece at\u00f6lyemizde kabzaya uygun\/yak\u0131\u015fan renk ile g\u00f6nderim yap\u0131l\u0131r.<\/p>\n<p>&nbsp;<\/p>\n<p><strong>Magnezyum \u00c7ubu\u011fu:<\/strong> Do\u011fada ate\u015f yakmak i\u00e7in kullan\u0131lan bir \u00fcr\u00fcnd\u00fcr. Islanmas\u0131 kullan\u0131lmas\u0131na engel de\u011fildir. Ortalama 10000 at\u0131ma sahiptir. Sipari\u015f verdi\u011finizde b\u0131\u00e7a\u011f\u0131n\u0131z\u0131n k\u0131l\u0131f\u0131n\u0131n yan\u0131nda ve b\u0131\u00e7a\u011f\u0131n\u0131zda se\u00e7ti\u011finiz kabza malzemesinden tutama\u00e7 ile tak\u0131m olarak imal edilir. 8 cm ve 8 mm \u00f6l\u00e7\u00fclerinde olan magnezyum \u00e7ubu\u011fu araziye giden herkesin yan\u0131nda olmas\u0131 gereken bir ekipmand\u0131r. bence \ud83d\ude42 ate\u015f ba\u015flatma videosu da\u00a0<a href=\"https:\/\/youtu.be\/i-a7AzMpYYw?si=lot62YR6_Hnf763d\" target=\"_blank\" rel=\"noopener\">burada<\/a> .<\/p>\n<p>&nbsp;<\/p>\n<p>&nbsp;<\/p>\n<div class=\"ast-oembed-container \" style=\"height: 100%;\"><iframe title=\"Nizam Knife Yeni Pars Y\u00fcksek Ta\u015flama ve Skandi model N690 \u00c7elik Kamp ve Bushcraft B\u0131\u00e7a\u011f\u0131\" width=\"500\" height=\"281\" src=\"https:\/\/www.youtube.com\/embed\/Y_jO7N8J4gQ?feature=oembed\" frameborder=\"0\" allow=\"accelerometer; autoplay; clipboard-write; encrypted-media; gyroscope; picture-in-picture; web-share\" referrerpolicy=\"strict-origin-when-cross-origin\" allowfullscreen><\/iframe><\/div>\n<div class=\"ast-oembed-container \" style=\"height: 100%;\"><iframe title=\"Skandi Bushcraft Kamp B\u0131\u00e7a\u011f\u0131 ile Batoning Odun Yarma Tekni\u011fi N690 \u00c7elik Yeni Pars Model\" width=\"500\" height=\"375\" src=\"https:\/\/www.youtube.com\/embed\/0zjsZQOzdUA?feature=oembed\" frameborder=\"0\" allow=\"accelerometer; autoplay; clipboard-write; encrypted-media; gyroscope; picture-in-picture; web-share\" referrerpolicy=\"strict-origin-when-cross-origin\" allowfullscreen><\/iframe><\/div>\n","protected":false},"excerpt":{"rendered":"<p><strong>Sipari\u015f yo\u011funlu\u011fu nedeniyle, sat\u0131n al\u0131nan \u00fcr\u00fcn\u00fcn\u00fcn tahmin edilen imalat s\u00fcresi<span style=\"color: #ff0000;\"> 4-7 HAFTA<\/span><span style=\"color: #ff0000;\"><span style=\"color: #000000;\">&#8216;d\u0131r<\/span><\/span><span style=\"color: #000000;\">. <\/span><\/strong><\/p>\n<p><span style=\"color: #000000;\">Ki\u015fiye \u00f6zel imalat yapt\u0131\u011f\u0131m\u0131zdan, kalite ve i\u015f\u00e7ili\u011fin d\u00fc\u015fmemesi ad\u0131na imalat s\u00fcremizi uzun tutmak zorunday\u0131z. Anlay\u0131\u015f\u0131n\u0131z i\u00e7in te\u015fekk\u00fcr ederiz.\u00a0<\/span><\/p>\n<p>Haz\u0131r stok sormak i\u00e7in l\u00fctfen aray\u0131n. +90 543 644 2932<\/p>\n<hr \/>\n<p><strong>\u00d6zel istekleriniz ve akl\u0131n\u0131za tak\u0131lan konular i\u00e7in sa\u011f alt k\u00f6\u015fede bulunan<span style=\"color: #00ff00;\"> Whatsapp<\/span> destek hatt\u0131na yazabilirsiniz.<\/strong><\/p>\n<hr \/>\n<p>&nbsp;<\/p>\n","protected":false},"featured_media":9051,"comment_status":"open","ping_status":"closed","template":"","meta":{"site-sidebar-layout":"default","site-content-layout":"","ast-site-content-layout":"default","site-content-style":"default","site-sidebar-style":"default","ast-global-header-display":"","ast-banner-title-visibility":"","ast-main-header-display":"","ast-hfb-above-header-display":"","ast-hfb-below-header-display":"","ast-hfb-mobile-header-display":"","site-post-title":"","ast-breadcrumbs-content":"","ast-featured-img":"","footer-sml-layout":"","ast-disable-related-posts":"","theme-transparent-header-meta":"default","adv-header-id-meta":"","stick-header-meta":"","header-above-stick-meta":"","header-main-stick-meta":"","header-below-stick-meta":"","astra-migrate-meta-layouts":"set","ast-page-background-enabled":"default","ast-page-background-meta":{"desktop":{"background-color":"var(--ast-global-color-4)","background-image":"","background-repeat":"repeat","background-position":"center center","background-size":"auto","background-attachment":"scroll","background-type":"","background-media":"","overlay-type":"","overlay-color":"","overlay-opacity":"","overlay-gradient":""},"tablet":{"background-color":"","background-image":"","background-repeat":"repeat","background-position":"center center","background-size":"auto","background-attachment":"scroll","background-type":"","background-media":"","overlay-type":"","overlay-color":"","overlay-opacity":"","overlay-gradient":""},"mobile":{"background-color":"","background-image":"","background-repeat":"repeat","background-position":"center center","background-size":"auto","background-attachment":"scroll","background-type":"","background-media":"","overlay-type":"","overlay-color":"","overlay-opacity":"","overlay-gradient":""}},"ast-content-background-meta":{"desktop":{"background-color":"var(--ast-global-color-5)","background-image":"","background-repeat":"repeat","background-position":"center center","background-size":"auto","background-attachment":"scroll","background-type":"","background-media":"","overlay-type":"","overlay-color":"","overlay-opacity":"","overlay-gradient":""},"tablet":{"background-color":"var(--ast-global-color-5)","background-image":"","background-repeat":"repeat","background-position":"center center","background-size":"auto","background-attachment":"scroll","background-type":"","background-media":"","overlay-type":"","overlay-color":"","overlay-opacity":"","overlay-gradient":""},"mobile":{"background-color":"var(--ast-global-color-5)","background-image":"","background-repeat":"repeat","background-position":"center center","background-size":"auto","background-attachment":"scroll","background-type":"","background-media":"","overlay-type":"","overlay-color":"","overlay-opacity":"","overlay-gradient":""}}},"product_brand":[],"product_cat":[84,85],"product_tag":[],"class_list":{"0":"post-1583","1":"product","2":"type-product","3":"status-publish","4":"has-post-thumbnail","6":"product_cat-av","7":"product_cat-kamp","8":"desktop-align-left","9":"tablet-align-left","10":"mobile-align-left","12":"first","13":"instock","14":"taxable","15":"shipping-taxable","16":"purchasable","17":"product-type-variable","18":"has-default-attributes"},"jetpack_sharing_enabled":true,"_links":{"self":[{"href":"https:\/\/nizamknife.com\/tr\/wp-json\/wp\/v2\/product\/1583","targetHints":{"allow":["GET"]}}],"collection":[{"href":"https:\/\/nizamknife.com\/tr\/wp-json\/wp\/v2\/product"}],"about":[{"href":"https:\/\/nizamknife.com\/tr\/wp-json\/wp\/v2\/types\/product"}],"replies":[{"embeddable":true,"href":"https:\/\/nizamknife.com\/tr\/wp-json\/wp\/v2\/comments?post=1583"}],"wp:featuredmedia":[{"embeddable":true,"href":"https:\/\/nizamknife.com\/tr\/wp-json\/wp\/v2\/media\/9051"}],"wp:attachment":[{"href":"https:\/\/nizamknife.com\/tr\/wp-json\/wp\/v2\/media?parent=1583"}],"wp:term":[{"taxonomy":"product_brand","embeddable":true,"href":"https:\/\/nizamknife.com\/tr\/wp-json\/wp\/v2\/product_brand?post=1583"},{"taxonomy":"product_cat","embeddable":true,"href":"https:\/\/nizamknife.com\/tr\/wp-json\/wp\/v2\/product_cat?post=1583"},{"taxonomy":"product_tag","embeddable":true,"href":"https:\/\/nizamknife.com\/tr\/wp-json\/wp\/v2\/product_tag?post=1583"}],"curies":[{"name":"wp","href":"https:\/\/api.w.org\/{rel}","templated":true}]}}