{"id":1552,"date":"2021-07-27T10:35:40","date_gmt":"2021-07-27T07:35:40","guid":{"rendered":"https:\/\/nizamknife.com\/tr\/?post_type=product&#038;p=1552"},"modified":"2025-08-01T17:46:44","modified_gmt":"2025-08-01T14:46:44","slug":"ilmek","status":"publish","type":"product","link":"https:\/\/nizamknife.com\/tr\/urun\/ilmek\/","title":{"rendered":"\u0130lmek"},"content":{"rendered":"<ul>\n<li><strong>\u00c7elik: 4 mm B\u00d6HLER N690<\/strong><\/li>\n<li><strong>Namlu Uzunlu\u011fu: 65 mm<\/strong><\/li>\n<li><strong>Toplam Uzunluk: 165 mm<\/strong><\/li>\n<li><strong>K\u0131l\u0131f: 3 mm Full Vegetal Deri K\u0131l\u0131f<\/strong><\/li>\n<\/ul>\n<h2><strong>\u00a0 \u00a0 \u00a0 \u00a0 \u00a0 \u00a0 \u00a0 \u00a0 \u00a0 \u00a0 \u00a0 \u00a0 \u00a0 \u00a0 \u00a0 \u00a0 \u00a0 Genel \u00d6zellikler<\/strong><\/h2>\n<p>&nbsp;<\/p>\n<p><strong>Y\u00fcksek Ta\u015flama:\u00a0 <\/strong>Genel kullan\u0131m b\u0131\u00e7a\u011f\u0131 olarak y\u00fcksek ta\u015flama daha uygundur.\u00a0 Kamp faaliyetlerinde genel ( Sebze-meyve do\u011frama, g\u00fcnl\u00fck ihtiya\u00e7lar vb.) kullan\u0131m i\u00e7in \u2018y\u00fcksek ta\u015flama\u2019 a\u011f\u0131z yap\u0131s\u0131n\u0131 tercih edebilirsiniz. A\u011fa\u00e7 i\u015fleme konusunda ba\u015far\u0131s\u0131zd\u0131r. Tek bir kamp b\u0131\u00e7a\u011f\u0131 d\u00fc\u015f\u00fcn\u00fcyorsan\u0131z skandi \u00f6neririz. scandi ve y\u00fcksek ta\u015flama aras\u0131ndaki fark\u0131 daha iyi anlaman\u0131z i\u00e7in\u00a0<a href=\"https:\/\/youtu.be\/ea3ggOyD0ko?si=BWpCwK8g7GKsQ4GC\">link b\u0131rak\u0131yorum<\/a><\/p>\n<p><strong>Kydex:\u00a0<\/strong>Termoplastik olan kydex kolay temizlenen, kemere kemerinizi \u00e7\u0131karmadan tak\u0131labilen hatta e\u015fofman\u0131n\u0131zda bile ta\u015f\u0131yabilece\u011finiz, askeri olarak h\u00fccum yele\u011fine \u00e7ok kolay monte edilen ve de bak\u0131m gerektirmeyen bir k\u0131l\u0131ft\u0131r. B\u0131\u00e7a\u011f\u0131n\u0131z kydex k\u0131l\u0131f ile g\u00f6nderilecek. k\u0131l\u0131fs\u0131z sat\u0131\u015f\u0131m\u0131z yok. 2 renk se\u00e7ene\u011fi mevcut. Aksi belirtilmedi\u011fi s\u00fcrece at\u00f6lyemizde kabzaya uygun\/yak\u0131\u015fan renk ile g\u00f6nderim yap\u0131l\u0131r.<\/p>\n<p><strong>Stonewash: <\/strong>Ta\u015f ve asit ile y\u0131kama tekni\u011fidir. B\u0131\u00e7a\u011f\u0131n arazide parlamamas\u0131 i\u00e7in tercih ediyoruz.<\/p>\n<p>&nbsp;<\/p>\n<div class=\"ast-oembed-container \" style=\"height: 100%;\"><iframe title=\"\u0130lmek Model Kydex K\u0131l\u0131f\" width=\"500\" height=\"281\" src=\"https:\/\/www.youtube.com\/embed\/5rhI-UwkyC4?feature=oembed\" frameborder=\"0\" allow=\"accelerometer; autoplay; clipboard-write; encrypted-media; gyroscope; picture-in-picture; web-share\" referrerpolicy=\"strict-origin-when-cross-origin\" allowfullscreen><\/iframe><\/div>\n<p>&nbsp;<\/p>\n<div class=\"ast-oembed-container \" style=\"height: 100%;\"><iframe title=\"Nizam Knife \u0130lmek modeli paracord ip sar\u0131m\u0131 - de\u011fi\u015fimi N690\" width=\"500\" height=\"281\" src=\"https:\/\/www.youtube.com\/embed\/SHc0gxAMWV8?feature=oembed\" frameborder=\"0\" allow=\"accelerometer; autoplay; clipboard-write; encrypted-media; gyroscope; picture-in-picture; web-share\" referrerpolicy=\"strict-origin-when-cross-origin\" allowfullscreen><\/iframe><\/div>\n","protected":false},"excerpt":{"rendered":"<p><strong>Sat\u0131n al\u0131nan \u00fcr\u00fcn\u00fcn\u00fcn ortalama teslimat s\u00fcresi<span style=\"color: #ff0000;\"> 4-10 g\u00fcn<\/span><span style=\"color: #ff0000;\"><span style=\"color: #000000;\">&#8216;d\u00fcr<\/span><\/span><span style=\"color: #000000;\">.<\/span><\/strong><\/p>\n<hr \/>\n<p><strong>\u00d6zel istekleriniz ve akl\u0131n\u0131za tak\u0131lan konular i\u00e7in sa\u011f alt k\u00f6\u015fede bulunan<span style=\"color: #00ff00;\"> Whatsapp<\/span> destek hatt\u0131na yazabilirsiniz.<\/strong><\/p>\n<hr \/>\n<p>&nbsp;<\/p>\n","protected":false},"featured_media":7091,"comment_status":"open","ping_status":"closed","template":"","meta":{"site-sidebar-layout":"default","site-content-layout":"","ast-site-content-layout":"default","site-content-style":"default","site-sidebar-style":"default","ast-global-header-display":"","ast-banner-title-visibility":"","ast-main-header-display":"","ast-hfb-above-header-display":"","ast-hfb-below-header-display":"","ast-hfb-mobile-header-display":"","site-post-title":"","ast-breadcrumbs-content":"","ast-featured-img":"","footer-sml-layout":"","ast-disable-related-posts":"","theme-transparent-header-meta":"default","adv-header-id-meta":"","stick-header-meta":"","header-above-stick-meta":"","header-main-stick-meta":"","header-below-stick-meta":"","astra-migrate-meta-layouts":"set","ast-page-background-enabled":"default","ast-page-background-meta":{"desktop":{"background-color":"var(--ast-global-color-4)","background-image":"","background-repeat":"repeat","background-position":"center center","background-size":"auto","background-attachment":"scroll","background-type":"","background-media":"","overlay-type":"","overlay-color":"","overlay-opacity":"","overlay-gradient":""},"tablet":{"background-color":"","background-image":"","background-repeat":"repeat","background-position":"center center","background-size":"auto","background-attachment":"scroll","background-type":"","background-media":"","overlay-type":"","overlay-color":"","overlay-opacity":"","overlay-gradient":""},"mobile":{"background-color":"","background-image":"","background-repeat":"repeat","background-position":"center center","background-size":"auto","background-attachment":"scroll","background-type":"","background-media":"","overlay-type":"","overlay-color":"","overlay-opacity":"","overlay-gradient":""}},"ast-content-background-meta":{"desktop":{"background-color":"var(--ast-global-color-5)","background-image":"","background-repeat":"repeat","background-position":"center center","background-size":"auto","background-attachment":"scroll","background-type":"","background-media":"","overlay-type":"","overlay-color":"","overlay-opacity":"","overlay-gradient":""},"tablet":{"background-color":"var(--ast-global-color-5)","background-image":"","background-repeat":"repeat","background-position":"center center","background-size":"auto","background-attachment":"scroll","background-type":"","background-media":"","overlay-type":"","overlay-color":"","overlay-opacity":"","overlay-gradient":""},"mobile":{"background-color":"var(--ast-global-color-5)","background-image":"","background-repeat":"repeat","background-position":"center center","background-size":"auto","background-attachment":"scroll","background-type":"","background-media":"","overlay-type":"","overlay-color":"","overlay-opacity":"","overlay-gradient":""}}},"product_brand":[],"product_cat":[83,87,85],"product_tag":[],"class_list":{"0":"post-1552","1":"product","2":"type-product","3":"status-publish","4":"has-post-thumbnail","6":"product_cat-askeri","7":"product_cat-boyun-ve-kolye","8":"product_cat-kamp","9":"desktop-align-left","10":"tablet-align-left","11":"mobile-align-left","13":"first","14":"instock","15":"taxable","16":"shipping-taxable","17":"purchasable","18":"product-type-variable"},"jetpack_sharing_enabled":true,"_links":{"self":[{"href":"https:\/\/nizamknife.com\/tr\/wp-json\/wp\/v2\/product\/1552","targetHints":{"allow":["GET"]}}],"collection":[{"href":"https:\/\/nizamknife.com\/tr\/wp-json\/wp\/v2\/product"}],"about":[{"href":"https:\/\/nizamknife.com\/tr\/wp-json\/wp\/v2\/types\/product"}],"replies":[{"embeddable":true,"href":"https:\/\/nizamknife.com\/tr\/wp-json\/wp\/v2\/comments?post=1552"}],"wp:featuredmedia":[{"embeddable":true,"href":"https:\/\/nizamknife.com\/tr\/wp-json\/wp\/v2\/media\/7091"}],"wp:attachment":[{"href":"https:\/\/nizamknife.com\/tr\/wp-json\/wp\/v2\/media?parent=1552"}],"wp:term":[{"taxonomy":"product_brand","embeddable":true,"href":"https:\/\/nizamknife.com\/tr\/wp-json\/wp\/v2\/product_brand?post=1552"},{"taxonomy":"product_cat","embeddable":true,"href":"https:\/\/nizamknife.com\/tr\/wp-json\/wp\/v2\/product_cat?post=1552"},{"taxonomy":"product_tag","embeddable":true,"href":"https:\/\/nizamknife.com\/tr\/wp-json\/wp\/v2\/product_tag?post=1552"}],"curies":[{"name":"wp","href":"https:\/\/api.w.org\/{rel}","templated":true}]}}