{"id":1532,"date":"2021-07-27T10:35:37","date_gmt":"2021-07-27T07:35:37","guid":{"rendered":"https:\/\/nizamknife.com\/tr\/?post_type=product&#038;p=1532"},"modified":"2025-08-01T17:00:35","modified_gmt":"2025-08-01T14:00:35","slug":"elegant","status":"publish","type":"product","link":"https:\/\/nizamknife.com\/tr\/urun\/elegant\/","title":{"rendered":"Elegant"},"content":{"rendered":"<ul>\n<li><strong>\u00c7elik: 4 mm B\u00d6HLER N690<\/strong><\/li>\n<li><strong>Namlu Uzunlu\u011fu: 85 mm<\/strong><\/li>\n<li><strong>Toplam Uzunluk: 185 mm<\/strong><\/li>\n<li><strong>Mozaik Pim<\/strong><\/li>\n<\/ul>\n<h2><strong>\u00a0 \u00a0 \u00a0 \u00a0 \u00a0 \u00a0 \u00a0 \u00a0 \u00a0 \u00a0 \u00a0 \u00a0 \u00a0 \u00a0 \u00a0 \u00a0 \u00a0Genel \u00d6zellikler<\/strong><\/h2>\n<p>&nbsp;<\/p>\n<p>\u0130sminden de anla\u015f\u0131laca\u011f\u0131 \u00fczere kibarl\u0131\u011f\u0131, zarifli\u011fi ayn\u0131 zamanda g\u00fcc\u00fc ile bu ismi hak etti\u011fini d\u00fc\u015f\u00fcnd\u00fcm. Tam bir beyefendi modeli gibi g\u00f6r\u00fcnen ama kad\u0131nlar\u0131n da \u00e7ok sevdi\u011fi (e\u015fimin de en sevdi\u011fi model) bir model olan Elegant&#8217;\u0131n tasar\u0131m\u0131nda ise ma\u011faralara \u00e7izilmi\u015f b\u0131\u00e7ak fig\u00fcrlerinden esinlenmi\u015ftim. \u0130lk bak\u0131\u015fta sanki ele oturmayacak gibi g\u00f6r\u00fcnse de avcunuzun her yerine temas etti\u011fini hissedeceksiniz.<\/p>\n<p>&nbsp;<\/p>\n<p><strong>Y\u00fcksek Ta\u015flama:\u00a0 <\/strong>Genel kullan\u0131m b\u0131\u00e7a\u011f\u0131 olarak y\u00fcksek ta\u015flama daha uygundur.\u00a0 Kamp faaliyetlerinde genel ( Sebze-meyve do\u011frama, g\u00fcnl\u00fck ihtiya\u00e7lar vb.) kullan\u0131m i\u00e7in \u2018y\u00fcksek ta\u015flama\u2019 a\u011f\u0131z yap\u0131s\u0131n\u0131 tercih edebilirsiniz. A\u011fa\u00e7 i\u015fleme konusunda ba\u015far\u0131s\u0131zd\u0131r. Tek bir kamp b\u0131\u00e7a\u011f\u0131 d\u00fc\u015f\u00fcn\u00fcyorsan\u0131z skandi \u00f6neririz. scandi ve y\u00fcksek ta\u015flama aras\u0131ndaki fark\u0131 daha iyi anlaman\u0131z i\u00e7in\u00a0<a href=\"https:\/\/youtu.be\/ea3ggOyD0ko?si=BWpCwK8g7GKsQ4GC\">link b\u0131rak\u0131yorum<\/a><\/p>\n<p>&nbsp;<\/p>\n<p><strong>G- Carta:<\/strong> S\u0131k\u0131\u015ft\u0131r\u0131larak desen verilmi\u015f ve i\u00e7ine epoxy emdirilerek \u00fcretilen bir kabza malzemesidir. Bir \u00e7ok renk ve desen kombinasyonuna sahiptir. Kesinlikle su ge\u00e7irmez ve pamuklu kuma\u015f\u0131n yap\u0131s\u0131 sayesinde elden kaymaz. E\u011fer hem \u00e7ok sa\u011flam hem de uzun \u00f6m\u00fcrl\u00fc bir kabza d\u00fc\u015f\u00fcn\u00fcyorsan\u0131z tercih etmelisiniz. G-Cartan\u0131n mikartadan fark\u0131 ise kuma\u015flar\u0131n yatay de\u011fil dikey olarak i\u015flenmesidir. Bu da sa\u011flaml\u0131\u011f\u0131 daha da art\u0131r\u0131r. kabza \u00e7e\u015fitlerini anlatt\u0131\u011f\u0131m videonun\u00a0<a href=\"https:\/\/youtu.be\/jf3lK8rYd74?si=KhPpyQfnuReFKTAB\" target=\"_blank\" rel=\"noopener\">link<\/a> burada<\/p>\n<p>&nbsp;<\/p>\n<p><strong>S\u0131rt Deseni: <\/strong>G\u00f6rsel ve koleksiyonluk de\u011feri art\u0131rd\u0131\u011f\u0131 \u015f\u00fcphe g\u00f6t\u00fcrmez. Ancak magnezyum \u00e7ubu\u011fu kullanacaksan\u0131z, \u00a0s\u0131rt deseni sizin i\u00e7in i\u015flev eksikli\u011fine neden olur. Magnezyum \u00e7ubu\u011fu b\u0131\u00e7a\u011f\u0131n s\u0131rt\u0131 ile keskin k\u00f6\u015felerine s\u00fcrt\u00fcnerek k\u0131v\u0131lc\u0131m \u00e7\u0131kart\u0131r. Bu k\u0131sma desen yap\u0131ld\u0131\u011f\u0131nda keskin k\u00f6\u015feler yuvarland\u0131\u011f\u0131 ve kesikli hale geldi\u011fi i\u00e7in magnezyum \u00e7ubu\u011funun performans\u0131n\u0131 d\u00fc\u015f\u00fcr\u00fcr. E\u011fer <span style=\"color: #ff0000;\">magnezyum \u00e7ubu\u011fu kullanacaksan\u0131z kabza k\u0131sm\u0131na s\u0131rt deseni yap\u0131lmas\u0131<\/span> daha uygun olur.<\/p>\n<p>&nbsp;<\/p>\n<p><strong>Kydex:\u00a0<\/strong>Termoplastik olan kydex kolay temizlenen, kemere kemerinizi \u00e7\u0131karmadan tak\u0131labilen hatta e\u015fofman\u0131n\u0131zda bile ta\u015f\u0131yabilece\u011finiz, askeri olarak h\u00fccum yele\u011fine \u00e7ok kolay monte edilen ve de bak\u0131m gerektirmeyen bir k\u0131l\u0131ft\u0131r. B\u0131\u00e7a\u011f\u0131n\u0131z kydex k\u0131l\u0131f ile g\u00f6nderilecek. k\u0131l\u0131fs\u0131z sat\u0131\u015f\u0131m\u0131z yok. 2 renk se\u00e7ene\u011fi mevcut. Aksi belirtilmedi\u011fi s\u00fcrece at\u00f6lyemizde kabzaya uygun\/yak\u0131\u015fan renk ile g\u00f6nderim yap\u0131l\u0131r.<\/p>\n<p>&nbsp;<\/p>\n<p><strong>Magnezyum \u00c7ubu\u011fu:<\/strong> Do\u011fada ate\u015f yakmak i\u00e7in kullan\u0131lan bir \u00fcr\u00fcnd\u00fcr. Islanmas\u0131 kullan\u0131lmas\u0131na engel de\u011fildir. Ortalama 10000 at\u0131ma sahiptir. Sipari\u015f verdi\u011finizde b\u0131\u00e7a\u011f\u0131n\u0131z\u0131n k\u0131l\u0131f\u0131n\u0131n yan\u0131nda ve b\u0131\u00e7a\u011f\u0131n\u0131zda se\u00e7ti\u011finiz kabza malzemesinden tutama\u00e7 ile tak\u0131m olarak imal edilir. 8 cm ve 8 mm \u00f6l\u00e7\u00fclerinde olan magnezyum \u00e7ubu\u011fu araziye giden herkesin yan\u0131nda olmas\u0131 gereken bir ekipmand\u0131r. bence \ud83d\ude42 ate\u015f ba\u015flatma videosu da\u00a0<a href=\"https:\/\/youtu.be\/i-a7AzMpYYw?si=lot62YR6_Hnf763d\" target=\"_blank\" rel=\"noopener\">burada<\/a> .<\/p>\n<blockquote class=\"instagram-media\" data-instgrm-captioned data-instgrm-permalink=\"https:\/\/www.instagram.com\/reel\/C3zJlaDgm1V\/?utm_source=ig_embed&amp;utm_campaign=loading\" data-instgrm-version=\"14\" style=\" background:#FFF; border:0; border-radius:3px; box-shadow:0 0 1px 0 rgba(0,0,0,0.5),0 1px 10px 0 rgba(0,0,0,0.15); margin: 1px; max-width:500px; min-width:326px; padding:0; width:99.375%; width:-webkit-calc(100% - 2px); width:calc(100% - 2px);\">\n<div style=\"padding:16px;\"> <a href=\"https:\/\/www.instagram.com\/reel\/C3zJlaDgm1V\/?utm_source=ig_embed&amp;utm_campaign=loading\" style=\" background:#FFFFFF; line-height:0; padding:0 0; text-align:center; text-decoration:none; width:100%;\" target=\"_blank\"> <\/p>\n<div style=\" display: flex; flex-direction: row; align-items: center;\">\n<div style=\"background-color: #F4F4F4; border-radius: 50%; flex-grow: 0; height: 40px; margin-right: 14px; width: 40px;\"><\/div>\n<div style=\"display: flex; flex-direction: column; flex-grow: 1; justify-content: center;\">\n<div style=\" background-color: #F4F4F4; border-radius: 4px; flex-grow: 0; height: 14px; margin-bottom: 6px; width: 100px;\"><\/div>\n<div style=\" background-color: #F4F4F4; border-radius: 4px; flex-grow: 0; height: 14px; width: 60px;\"><\/div>\n<\/div>\n<\/div>\n<div style=\"padding: 19% 0;\"><\/div>\n<div style=\"display:block; height:50px; margin:0 auto 12px; width:50px;\"><svg width=\"50px\" height=\"50px\" viewBox=\"0 0 60 60\" version=\"1.1\" xmlns=\"https:\/\/www.w3.org\/2000\/svg\" xmlns:xlink=\"https:\/\/www.w3.org\/1999\/xlink\"><g stroke=\"none\" stroke-width=\"1\" fill=\"none\" fill-rule=\"evenodd\"><g transform=\"translate(-511.000000, -20.000000)\" fill=\"#000000\"><g><path d=\"M556.869,30.41 C554.814,30.41 553.148,32.076 553.148,34.131 C553.148,36.186 554.814,37.852 556.869,37.852 C558.924,37.852 560.59,36.186 560.59,34.131 C560.59,32.076 558.924,30.41 556.869,30.41 M541,60.657 C535.114,60.657 530.342,55.887 530.342,50 C530.342,44.114 535.114,39.342 541,39.342 C546.887,39.342 551.658,44.114 551.658,50 C551.658,55.887 546.887,60.657 541,60.657 M541,33.886 C532.1,33.886 524.886,41.1 524.886,50 C524.886,58.899 532.1,66.113 541,66.113 C549.9,66.113 557.115,58.899 557.115,50 C557.115,41.1 549.9,33.886 541,33.886 M565.378,62.101 C565.244,65.022 564.756,66.606 564.346,67.663 C563.803,69.06 563.154,70.057 562.106,71.106 C561.058,72.155 560.06,72.803 558.662,73.347 C557.607,73.757 556.021,74.244 553.102,74.378 C549.944,74.521 548.997,74.552 541,74.552 C533.003,74.552 532.056,74.521 528.898,74.378 C525.979,74.244 524.393,73.757 523.338,73.347 C521.94,72.803 520.942,72.155 519.894,71.106 C518.846,70.057 518.197,69.06 517.654,67.663 C517.244,66.606 516.755,65.022 516.623,62.101 C516.479,58.943 516.448,57.996 516.448,50 C516.448,42.003 516.479,41.056 516.623,37.899 C516.755,34.978 517.244,33.391 517.654,32.338 C518.197,30.938 518.846,29.942 519.894,28.894 C520.942,27.846 521.94,27.196 523.338,26.654 C524.393,26.244 525.979,25.756 528.898,25.623 C532.057,25.479 533.004,25.448 541,25.448 C548.997,25.448 549.943,25.479 553.102,25.623 C556.021,25.756 557.607,26.244 558.662,26.654 C560.06,27.196 561.058,27.846 562.106,28.894 C563.154,29.942 563.803,30.938 564.346,32.338 C564.756,33.391 565.244,34.978 565.378,37.899 C565.522,41.056 565.552,42.003 565.552,50 C565.552,57.996 565.522,58.943 565.378,62.101 M570.82,37.631 C570.674,34.438 570.167,32.258 569.425,30.349 C568.659,28.377 567.633,26.702 565.965,25.035 C564.297,23.368 562.623,22.342 560.652,21.575 C558.743,20.834 556.562,20.326 553.369,20.18 C550.169,20.033 549.148,20 541,20 C532.853,20 531.831,20.033 528.631,20.18 C525.438,20.326 523.257,20.834 521.349,21.575 C519.376,22.342 517.703,23.368 516.035,25.035 C514.368,26.702 513.342,28.377 512.574,30.349 C511.834,32.258 511.326,34.438 511.181,37.631 C511.035,40.831 511,41.851 511,50 C511,58.147 511.035,59.17 511.181,62.369 C511.326,65.562 511.834,67.743 512.574,69.651 C513.342,71.625 514.368,73.296 516.035,74.965 C517.703,76.634 519.376,77.658 521.349,78.425 C523.257,79.167 525.438,79.673 528.631,79.82 C531.831,79.965 532.853,80.001 541,80.001 C549.148,80.001 550.169,79.965 553.369,79.82 C556.562,79.673 558.743,79.167 560.652,78.425 C562.623,77.658 564.297,76.634 565.965,74.965 C567.633,73.296 568.659,71.625 569.425,69.651 C570.167,67.743 570.674,65.562 570.82,62.369 C570.966,59.17 571,58.147 571,50 C571,41.851 570.966,40.831 570.82,37.631\"><\/path><\/g><\/g><\/g><\/svg><\/div>\n<div style=\"padding-top: 8px;\">\n<div style=\" color:#3897f0; font-family:Arial,sans-serif; font-size:14px; font-style:normal; font-weight:550; line-height:18px;\">View this post on Instagram<\/div>\n<\/div>\n<div style=\"padding: 12.5% 0;\"><\/div>\n<div style=\"display: flex; flex-direction: row; margin-bottom: 14px; align-items: center;\">\n<div>\n<div style=\"background-color: #F4F4F4; border-radius: 50%; height: 12.5px; width: 12.5px; transform: translateX(0px) translateY(7px);\"><\/div>\n<div style=\"background-color: #F4F4F4; height: 12.5px; transform: rotate(-45deg) translateX(3px) translateY(1px); width: 12.5px; flex-grow: 0; margin-right: 14px; margin-left: 2px;\"><\/div>\n<div style=\"background-color: #F4F4F4; border-radius: 50%; height: 12.5px; width: 12.5px; transform: translateX(9px) translateY(-18px);\"><\/div>\n<\/div>\n<div style=\"margin-left: 8px;\">\n<div style=\" background-color: #F4F4F4; border-radius: 50%; flex-grow: 0; height: 20px; width: 20px;\"><\/div>\n<div style=\" width: 0; height: 0; border-top: 2px solid transparent; border-left: 6px solid #f4f4f4; border-bottom: 2px solid transparent; transform: translateX(16px) translateY(-4px) rotate(30deg)\"><\/div>\n<\/div>\n<div style=\"margin-left: auto;\">\n<div style=\" width: 0px; border-top: 8px solid #F4F4F4; border-right: 8px solid transparent; transform: translateY(16px);\"><\/div>\n<div style=\" background-color: #F4F4F4; flex-grow: 0; height: 12px; width: 16px; transform: translateY(-4px);\"><\/div>\n<div style=\" width: 0; height: 0; border-top: 8px solid #F4F4F4; border-left: 8px solid transparent; transform: translateY(-4px) translateX(8px);\"><\/div>\n<\/div>\n<\/div>\n<div style=\"display: flex; flex-direction: column; flex-grow: 1; justify-content: center; margin-bottom: 24px;\">\n<div style=\" background-color: #F4F4F4; border-radius: 4px; flex-grow: 0; height: 14px; margin-bottom: 6px; width: 224px;\"><\/div>\n<div style=\" background-color: #F4F4F4; border-radius: 4px; flex-grow: 0; height: 14px; width: 144px;\"><\/div>\n<\/div>\n<p><\/a><\/p>\n<p style=\" color:#c9c8cd; font-family:Arial,sans-serif; font-size:14px; line-height:17px; margin-bottom:0; margin-top:8px; overflow:hidden; padding:8px 0 7px; text-align:center; text-overflow:ellipsis; white-space:nowrap;\"><a href=\"https:\/\/www.instagram.com\/reel\/C3zJlaDgm1V\/?utm_source=ig_embed&amp;utm_campaign=loading\" style=\" color:#c9c8cd; font-family:Arial,sans-serif; font-size:14px; font-style:normal; font-weight:normal; line-height:17px; text-decoration:none;\" target=\"_blank\">A post shared by Nizam Handmade Knives (@nizam.knife)<\/a><\/p>\n<\/div>\n<\/blockquote>\n<p><script async src=\"\/\/platform.instagram.com\/en_US\/embeds.js\"><\/script><\/p>\n","protected":false},"excerpt":{"rendered":"<p><strong>Kullan\u0131m haklar\u0131n\u0131 sat\u0131n ald\u0131\u011f\u0131n\u0131z \u00fcr\u00fcn\u00fcn\u00fcn tahmin edilen imalat s\u00fcresi<span style=\"color: #ff0000;\"> 4-7 HAFTA<\/span><span style=\"color: #ff0000;\"><span style=\"color: #000000;\">&#8216;d\u0131r<\/span><\/span><span style=\"color: #000000;\">. <\/span><\/strong><\/p>\n<p><strong><span style=\"color: #000000;\">Ancak el yap\u0131m\u0131 \u00fcr\u00fcn oldu\u011fu i\u00e7in s\u00fcrede +\/- de\u011fi\u015fiklikler ya\u015fanabilir.<\/span><\/strong><\/p>\n<p><span style=\"color: #000000;\">Ki\u015fiye \u00f6zel imalat yapt\u0131\u011f\u0131m\u0131zdan, kalite ve i\u015f\u00e7ili\u011fin d\u00fc\u015fmemesi ad\u0131na imalat s\u00fcremizi uzun tutmak zorunda kal\u0131yoruz. Anlay\u0131\u015f\u0131n\u0131z i\u00e7in te\u015fekk\u00fcr ederiz.\u00a0<\/span><\/p>\n<p>Haz\u0131r stok sormak i\u00e7in l\u00fctfen aray\u0131n. +90 543 644 2932<\/p>\n<hr \/>\n<p><strong>\u00d6zel istekleriniz ve akl\u0131n\u0131za tak\u0131lan konular i\u00e7in sa\u011f alt k\u00f6\u015fede bulunan<span style=\"color: #00ff00;\"> Whatsapp<\/span> destek hatt\u0131na yazabilirsiniz.<\/strong><\/p>\n<hr \/>\n<p>&nbsp;<\/p>\n","protected":false},"featured_media":7012,"comment_status":"open","ping_status":"closed","template":"","meta":{"site-sidebar-layout":"default","site-content-layout":"","ast-site-content-layout":"default","site-content-style":"default","site-sidebar-style":"default","ast-global-header-display":"","ast-banner-title-visibility":"","ast-main-header-display":"","ast-hfb-above-header-display":"","ast-hfb-below-header-display":"","ast-hfb-mobile-header-display":"","site-post-title":"","ast-breadcrumbs-content":"","ast-featured-img":"","footer-sml-layout":"","ast-disable-related-posts":"","theme-transparent-header-meta":"default","adv-header-id-meta":"","stick-header-meta":"","header-above-stick-meta":"","header-main-stick-meta":"","header-below-stick-meta":"","astra-migrate-meta-layouts":"set","ast-page-background-enabled":"default","ast-page-background-meta":{"desktop":{"background-color":"var(--ast-global-color-4)","background-image":"","background-repeat":"repeat","background-position":"center center","background-size":"auto","background-attachment":"scroll","background-type":"","background-media":"","overlay-type":"","overlay-color":"","overlay-opacity":"","overlay-gradient":""},"tablet":{"background-color":"","background-image":"","background-repeat":"repeat","background-position":"center center","background-size":"auto","background-attachment":"scroll","background-type":"","background-media":"","overlay-type":"","overlay-color":"","overlay-opacity":"","overlay-gradient":""},"mobile":{"background-color":"","background-image":"","background-repeat":"repeat","background-position":"center center","background-size":"auto","background-attachment":"scroll","background-type":"","background-media":"","overlay-type":"","overlay-color":"","overlay-opacity":"","overlay-gradient":""}},"ast-content-background-meta":{"desktop":{"background-color":"var(--ast-global-color-5)","background-image":"","background-repeat":"repeat","background-position":"center center","background-size":"auto","background-attachment":"scroll","background-type":"","background-media":"","overlay-type":"","overlay-color":"","overlay-opacity":"","overlay-gradient":""},"tablet":{"background-color":"var(--ast-global-color-5)","background-image":"","background-repeat":"repeat","background-position":"center center","background-size":"auto","background-attachment":"scroll","background-type":"","background-media":"","overlay-type":"","overlay-color":"","overlay-opacity":"","overlay-gradient":""},"mobile":{"background-color":"var(--ast-global-color-5)","background-image":"","background-repeat":"repeat","background-position":"center center","background-size":"auto","background-attachment":"scroll","background-type":"","background-media":"","overlay-type":"","overlay-color":"","overlay-opacity":"","overlay-gradient":""}}},"product_brand":[],"product_cat":[84,85],"product_tag":[],"class_list":{"0":"post-1532","1":"product","2":"type-product","3":"status-publish","4":"has-post-thumbnail","6":"product_cat-av","7":"product_cat-kamp","8":"desktop-align-left","9":"tablet-align-left","10":"mobile-align-left","12":"first","13":"instock","14":"taxable","15":"shipping-taxable","16":"purchasable","17":"product-type-variable"},"jetpack_sharing_enabled":true,"_links":{"self":[{"href":"https:\/\/nizamknife.com\/tr\/wp-json\/wp\/v2\/product\/1532","targetHints":{"allow":["GET"]}}],"collection":[{"href":"https:\/\/nizamknife.com\/tr\/wp-json\/wp\/v2\/product"}],"about":[{"href":"https:\/\/nizamknife.com\/tr\/wp-json\/wp\/v2\/types\/product"}],"replies":[{"embeddable":true,"href":"https:\/\/nizamknife.com\/tr\/wp-json\/wp\/v2\/comments?post=1532"}],"wp:featuredmedia":[{"embeddable":true,"href":"https:\/\/nizamknife.com\/tr\/wp-json\/wp\/v2\/media\/7012"}],"wp:attachment":[{"href":"https:\/\/nizamknife.com\/tr\/wp-json\/wp\/v2\/media?parent=1532"}],"wp:term":[{"taxonomy":"product_brand","embeddable":true,"href":"https:\/\/nizamknife.com\/tr\/wp-json\/wp\/v2\/product_brand?post=1532"},{"taxonomy":"product_cat","embeddable":true,"href":"https:\/\/nizamknife.com\/tr\/wp-json\/wp\/v2\/product_cat?post=1532"},{"taxonomy":"product_tag","embeddable":true,"href":"https:\/\/nizamknife.com\/tr\/wp-json\/wp\/v2\/product_tag?post=1532"}],"curies":[{"name":"wp","href":"https:\/\/api.w.org\/{rel}","templated":true}]}}