{"id":6983,"date":"2023-01-23T13:43:27","date_gmt":"2023-01-23T10:43:27","guid":{"rendered":"https:\/\/nizamknife.com\/tr\/?page_id=6983"},"modified":"2023-01-23T13:44:33","modified_gmt":"2023-01-23T10:44:33","slug":"celik","status":"publish","type":"page","link":"https:\/\/nizamknife.com\/tr\/celik\/","title":{"rendered":"\u00c7elik"},"content":{"rendered":"\t\t<div data-elementor-type=\"wp-page\" data-elementor-id=\"6983\" class=\"elementor elementor-6983\" data-elementor-post-type=\"page\">\n\t\t\t\t\t\t<section class=\"elementor-section elementor-top-section elementor-element elementor-element-2c1577db elementor-section-full_width elementor-section-stretched elementor-section-height-default elementor-section-height-default\" data-id=\"2c1577db\" data-element_type=\"section\" data-e-type=\"section\" data-settings=\"{&quot;stretch_section&quot;:&quot;section-stretched&quot;}\">\n\t\t\t\t\t\t<div class=\"elementor-container elementor-column-gap-no\">\n\t\t\t\t\t<div class=\"elementor-column elementor-col-100 elementor-top-column elementor-element elementor-element-3bf70c20\" data-id=\"3bf70c20\" data-element_type=\"column\" data-e-type=\"column\">\n\t\t\t<div class=\"elementor-widget-wrap elementor-element-populated\">\n\t\t\t\t\t\t<div class=\"elementor-element elementor-element-1a42a018 elementor-widget elementor-widget-image\" data-id=\"1a42a018\" data-element_type=\"widget\" data-e-type=\"widget\" data-widget_type=\"image.default\">\n\t\t\t\t<div class=\"elementor-widget-container\">\n\t\t\t\t\t\t\t\t\t\t\t\t\t\t\t<img fetchpriority=\"high\" decoding=\"async\" width=\"1920\" height=\"1280\" src=\"https:\/\/nizamknife.com\/tr\/wp-content\/uploads\/2021\/07\/617A3519-scaled.jpg\" class=\"attachment-full size-full wp-image-4738\" alt=\"\" srcset=\"https:\/\/nizamknife.com\/tr\/wp-content\/uploads\/2021\/07\/617A3519-scaled.jpg 1920w, https:\/\/nizamknife.com\/tr\/wp-content\/uploads\/2021\/07\/617A3519-scaled-420x280.jpg 420w, https:\/\/nizamknife.com\/tr\/wp-content\/uploads\/2021\/07\/617A3519-300x200.jpg 300w, https:\/\/nizamknife.com\/tr\/wp-content\/uploads\/2021\/07\/617A3519-1024x683.jpg 1024w, https:\/\/nizamknife.com\/tr\/wp-content\/uploads\/2021\/07\/617A3519-768x512.jpg 768w, https:\/\/nizamknife.com\/tr\/wp-content\/uploads\/2021\/07\/617A3519-1536x1024.jpg 1536w, https:\/\/nizamknife.com\/tr\/wp-content\/uploads\/2021\/07\/617A3519-2048x1365.jpg 2048w, https:\/\/nizamknife.com\/tr\/wp-content\/uploads\/2021\/07\/617A3519-scaled-800x533.jpg 800w\" sizes=\"(max-width: 1920px) 100vw, 1920px\" \/>\t\t\t\t\t\t\t\t\t\t\t\t\t\t\t<\/div>\n\t\t\t\t<\/div>\n\t\t\t\t\t<\/div>\n\t\t<\/div>\n\t\t\t\t\t<\/div>\n\t\t<\/section>\n\t\t\t\t<section class=\"elementor-section elementor-top-section elementor-element elementor-element-3bd571ce elementor-section-boxed elementor-section-height-default elementor-section-height-default\" data-id=\"3bd571ce\" data-element_type=\"section\" data-e-type=\"section\">\n\t\t\t\t\t\t<div class=\"elementor-container elementor-column-gap-default\">\n\t\t\t\t\t<div class=\"elementor-column elementor-col-100 elementor-top-column elementor-element elementor-element-1a7723f4\" data-id=\"1a7723f4\" data-element_type=\"column\" data-e-type=\"column\">\n\t\t\t<div class=\"elementor-widget-wrap elementor-element-populated\">\n\t\t\t\t\t\t\t<\/div>\n\t\t<\/div>\n\t\t\t\t\t<\/div>\n\t\t<\/section>\n\t\t\t\t<section class=\"elementor-section elementor-top-section elementor-element elementor-element-b9df15f elementor-section-boxed elementor-section-height-default elementor-section-height-default\" data-id=\"b9df15f\" data-element_type=\"section\" data-e-type=\"section\">\n\t\t\t\t\t\t<div class=\"elementor-container elementor-column-gap-default\">\n\t\t\t\t\t<div class=\"elementor-column elementor-col-100 elementor-top-column elementor-element elementor-element-345aa44\" data-id=\"345aa44\" data-element_type=\"column\" data-e-type=\"column\">\n\t\t\t<div class=\"elementor-widget-wrap elementor-element-populated\">\n\t\t\t\t\t\t<div class=\"elementor-element elementor-element-546dbac elementor-widget elementor-widget-text-editor\" data-id=\"546dbac\" data-element_type=\"widget\" data-e-type=\"widget\" data-widget_type=\"text-editor.default\">\n\t\t\t\t<div class=\"elementor-widget-container\">\n\t\t\t\t\t\t\t\t\t<p>Nizam B\u0131\u00e7ak olarak en \u00e7ok kulland\u0131\u011f\u0131m\u0131z B\u00d6HLER firmas\u0131n\u0131n \u00fcretmi\u015f oldu\u011fu N690 d\u0131r. Hem paslanmazl\u0131k \u00f6zelli\u011fi hem a\u011f\u0131z dayan\u0131m\u0131 konusunda kendisini kan\u0131tlan\u0131\u015f olan bu \u00e7elik \u00fcnl\u00fc Japon \u00e7eli\u011fi VG-10 nun Almanlar taraf\u0131ndan geli\u015ftirilmi\u015f versiyonudur.\u00a0Piyasada \u00e7okca bilinen 440C \u00e7eli\u011finden kat kat \u00fcst\u00fcnd\u00fcr. Is\u0131l i\u015flemlerini bizim taraf\u0131m\u0131zdan oksijensiz ve profesyonel ortamda yap\u0131lmaktad\u0131r. Yap\u0131lan her \u0131s\u0131l i\u015flem sonucunda b\u0131\u00e7aklar\u0131n sertlik dereceleri \u00f6l\u00e7\u00fclmektedir. Standart d\u0131\u015f\u0131 kalan, sorun ya\u015fanan b\u0131\u00e7aklar\u0131n imalat s\u00fcreci en ba\u015ftan tekrar ba\u015flamaktad\u0131r.<\/p><p>\u00d6zel sipari\u015f \u00fczerine Damaskus b\u0131\u00e7ak \u00fcretimimizde vard\u0131r.<\/p>\t\t\t\t\t\t\t\t<\/div>\n\t\t\t\t<\/div>\n\t\t\t\t\t<\/div>\n\t\t<\/div>\n\t\t\t\t\t<\/div>\n\t\t<\/section>\n\t\t\t\t<\/div>\n\t\t","protected":false},"excerpt":{"rendered":"<p>Nizam B\u0131\u00e7ak olarak en \u00e7ok kulland\u0131\u011f\u0131m\u0131z B\u00d6HLER firmas\u0131n\u0131n \u00fcretmi\u015f oldu\u011fu N690 d\u0131r. Hem paslanmazl\u0131k \u00f6zelli\u011fi hem a\u011f\u0131z dayan\u0131m\u0131 konusunda kendisini [&hellip;]<\/p>\n","protected":false},"author":20,"featured_media":0,"parent":0,"menu_order":0,"comment_status":"closed","ping_status":"closed","template":"","meta":{"site-sidebar-layout":"default","site-content-layout":"","ast-site-content-layout":"default","site-content-style":"default","site-sidebar-style":"default","ast-global-header-display":"","ast-banner-title-visibility":"","ast-main-header-display":"","ast-hfb-above-header-display":"","ast-hfb-below-header-display":"","ast-hfb-mobile-header-display":"","site-post-title":"","ast-breadcrumbs-content":"","ast-featured-img":"","footer-sml-layout":"","ast-disable-related-posts":"","theme-transparent-header-meta":"","adv-header-id-meta":"","stick-header-meta":"","header-above-stick-meta":"","header-main-stick-meta":"","header-below-stick-meta":"","astra-migrate-meta-layouts":"default","ast-page-background-enabled":"default","ast-page-background-meta":{"desktop":{"background-color":"var(--ast-global-color-4)","background-image":"","background-repeat":"repeat","background-position":"center center","background-size":"auto","background-attachment":"scroll","background-type":"","background-media":"","overlay-type":"","overlay-color":"","overlay-opacity":"","overlay-gradient":""},"tablet":{"background-color":"","background-image":"","background-repeat":"repeat","background-position":"center center","background-size":"auto","background-attachment":"scroll","background-type":"","background-media":"","overlay-type":"","overlay-color":"","overlay-opacity":"","overlay-gradient":""},"mobile":{"background-color":"","background-image":"","background-repeat":"repeat","background-position":"center center","background-size":"auto","background-attachment":"scroll","background-type":"","background-media":"","overlay-type":"","overlay-color":"","overlay-opacity":"","overlay-gradient":""}},"ast-content-background-meta":{"desktop":{"background-color":"var(--ast-global-color-5)","background-image":"","background-repeat":"repeat","background-position":"center center","background-size":"auto","background-attachment":"scroll","background-type":"","background-media":"","overlay-type":"","overlay-color":"","overlay-opacity":"","overlay-gradient":""},"tablet":{"background-color":"var(--ast-global-color-5)","background-image":"","background-repeat":"repeat","background-position":"center center","background-size":"auto","background-attachment":"scroll","background-type":"","background-media":"","overlay-type":"","overlay-color":"","overlay-opacity":"","overlay-gradient":""},"mobile":{"background-color":"var(--ast-global-color-5)","background-image":"","background-repeat":"repeat","background-position":"center center","background-size":"auto","background-attachment":"scroll","background-type":"","background-media":"","overlay-type":"","overlay-color":"","overlay-opacity":"","overlay-gradient":""}},"footnotes":""},"class_list":["post-6983","page","type-page","status-publish","hentry"],"jetpack_sharing_enabled":true,"_links":{"self":[{"href":"https:\/\/nizamknife.com\/tr\/wp-json\/wp\/v2\/pages\/6983","targetHints":{"allow":["GET"]}}],"collection":[{"href":"https:\/\/nizamknife.com\/tr\/wp-json\/wp\/v2\/pages"}],"about":[{"href":"https:\/\/nizamknife.com\/tr\/wp-json\/wp\/v2\/types\/page"}],"author":[{"embeddable":true,"href":"https:\/\/nizamknife.com\/tr\/wp-json\/wp\/v2\/users\/20"}],"replies":[{"embeddable":true,"href":"https:\/\/nizamknife.com\/tr\/wp-json\/wp\/v2\/comments?post=6983"}],"version-history":[{"count":0,"href":"https:\/\/nizamknife.com\/tr\/wp-json\/wp\/v2\/pages\/6983\/revisions"}],"wp:attachment":[{"href":"https:\/\/nizamknife.com\/tr\/wp-json\/wp\/v2\/media?parent=6983"}],"curies":[{"name":"wp","href":"https:\/\/api.w.org\/{rel}","templated":true}]}}