{"id":17,"date":"2016-01-31T15:10:25","date_gmt":"2016-01-31T13:10:25","guid":{"rendered":"http:\/\/kingler.themerex.net\/?page_id=17"},"modified":"2023-01-23T13:36:54","modified_gmt":"2023-01-23T10:36:54","slug":"hakkimizda","status":"publish","type":"page","link":"https:\/\/nizamknife.com\/tr\/hakkimizda\/","title":{"rendered":"Hakk\u0131m\u0131zda"},"content":{"rendered":"\t\t<div data-elementor-type=\"wp-page\" data-elementor-id=\"17\" class=\"elementor elementor-17\" data-elementor-post-type=\"page\">\n\t\t\t\t\t\t<section class=\"elementor-section elementor-top-section elementor-element elementor-element-2c1577db elementor-section-full_width elementor-section-stretched elementor-section-height-default elementor-section-height-default\" data-id=\"2c1577db\" data-element_type=\"section\" data-e-type=\"section\" data-settings=\"{&quot;stretch_section&quot;:&quot;section-stretched&quot;}\">\n\t\t\t\t\t\t<div class=\"elementor-container elementor-column-gap-no\">\n\t\t\t\t\t<div class=\"elementor-column elementor-col-100 elementor-top-column elementor-element elementor-element-3bf70c20\" data-id=\"3bf70c20\" data-element_type=\"column\" data-e-type=\"column\">\n\t\t\t<div class=\"elementor-widget-wrap elementor-element-populated\">\n\t\t\t\t\t\t<div class=\"elementor-element elementor-element-1a42a018 elementor-widget elementor-widget-image\" data-id=\"1a42a018\" data-element_type=\"widget\" data-e-type=\"widget\" data-widget_type=\"image.default\">\n\t\t\t\t<div class=\"elementor-widget-container\">\n\t\t\t\t\t\t\t\t\t\t\t\t\t\t\t<img fetchpriority=\"high\" decoding=\"async\" width=\"1920\" height=\"1280\" src=\"https:\/\/nizamknife.com\/tr\/wp-content\/uploads\/2021\/07\/617A3519-scaled.jpg\" class=\"attachment-full size-full wp-image-4738\" alt=\"\" srcset=\"https:\/\/nizamknife.com\/tr\/wp-content\/uploads\/2021\/07\/617A3519-scaled.jpg.webp 1920w, https:\/\/nizamknife.com\/tr\/wp-content\/uploads\/2021\/07\/617A3519-scaled-420x280.jpg 420w, https:\/\/nizamknife.com\/tr\/wp-content\/uploads\/2021\/07\/617A3519-300x200.jpg.webp 300w, https:\/\/nizamknife.com\/tr\/wp-content\/uploads\/2021\/07\/617A3519-1024x683.jpg.webp 1024w, https:\/\/nizamknife.com\/tr\/wp-content\/uploads\/2021\/07\/617A3519-768x512.jpg.webp 768w, https:\/\/nizamknife.com\/tr\/wp-content\/uploads\/2021\/07\/617A3519-1536x1024.jpg.webp 1536w, https:\/\/nizamknife.com\/tr\/wp-content\/uploads\/2021\/07\/617A3519-2048x1365.jpg.webp 2048w, https:\/\/nizamknife.com\/tr\/wp-content\/uploads\/2021\/07\/617A3519-scaled-800x533.jpg.webp 800w\" sizes=\"(max-width: 1920px) 100vw, 1920px\" \/>\t\t\t\t\t\t\t\t\t\t\t\t\t\t\t<\/div>\n\t\t\t\t<\/div>\n\t\t\t\t\t<\/div>\n\t\t<\/div>\n\t\t\t\t\t<\/div>\n\t\t<\/section>\n\t\t\t\t<section class=\"elementor-section elementor-top-section elementor-element elementor-element-3bd571ce elementor-section-boxed elementor-section-height-default elementor-section-height-default\" data-id=\"3bd571ce\" data-element_type=\"section\" data-e-type=\"section\">\n\t\t\t\t\t\t<div class=\"elementor-container elementor-column-gap-default\">\n\t\t\t\t\t<div class=\"elementor-column elementor-col-100 elementor-top-column elementor-element elementor-element-1a7723f4\" data-id=\"1a7723f4\" data-element_type=\"column\" data-e-type=\"column\">\n\t\t\t<div class=\"elementor-widget-wrap elementor-element-populated\">\n\t\t\t\t\t\t\t<\/div>\n\t\t<\/div>\n\t\t\t\t\t<\/div>\n\t\t<\/section>\n\t\t\t\t<section class=\"elementor-section elementor-top-section elementor-element elementor-element-0b842f9 elementor-section-boxed elementor-section-height-default elementor-section-height-default\" data-id=\"0b842f9\" data-element_type=\"section\" data-e-type=\"section\">\n\t\t\t\t\t\t<div class=\"elementor-container elementor-column-gap-default\">\n\t\t\t\t\t<div class=\"elementor-column elementor-col-50 elementor-top-column elementor-element elementor-element-166ae3f\" data-id=\"166ae3f\" data-element_type=\"column\" data-e-type=\"column\">\n\t\t\t<div class=\"elementor-widget-wrap elementor-element-populated\">\n\t\t\t\t\t\t<div class=\"elementor-element elementor-element-af9870f elementor-widget elementor-widget-heading\" data-id=\"af9870f\" data-element_type=\"widget\" data-e-type=\"widget\" data-widget_type=\"heading.default\">\n\t\t\t\t<div class=\"elementor-widget-container\">\n\t\t\t\t\t<h2 class=\"elementor-heading-title elementor-size-default\">N\u0130ZAM HANDMADE KN\u0130FE\nEL YAPIMI BI\u00c7AKLAR<\/h2>\t\t\t\t<\/div>\n\t\t\t\t<\/div>\n\t\t\t\t<div class=\"elementor-element elementor-element-0ce74a2 elementor-widget elementor-widget-text-editor\" data-id=\"0ce74a2\" data-element_type=\"widget\" data-e-type=\"widget\" data-widget_type=\"text-editor.default\">\n\t\t\t\t<div class=\"elementor-widget-container\">\n\t\t\t\t\t\t\t\t\t<p>Herkesin iyi bir b\u0131\u00e7a\u011fa sahip olmas\u0131 i\u00e7in \u00e7\u0131kt\u0131\u011f\u0131m\u0131z bu yolda d\u00fcnyada bir marka haline gelip T\u00fcrk b\u0131\u00e7ak\u00e7\u0131l\u0131\u011f\u0131n\u0131 tan\u0131tmak ana hedefimizdir.<\/p><p>Daima daha kaliteli daima daha iyi b\u0131\u00e7aklar yapmak i\u00e7in durmadan \u00e7al\u0131\u015f\u0131yoruz. G\u00fcn ge\u00e7tik\u00e7e artan kalitemizi ise elimizden geldi\u011fince fiyatlara yans\u0131tmamaya \u00e7al\u0131\u015f\u0131yoruz. Fiyat-performans a\u00e7\u0131s\u0131ndan de\u011ferlendiriyoruz. Genellikle Alman B\u00f6hler firmas\u0131ndan ald\u0131\u011f\u0131m\u0131z VG-10 \u00e7eli\u011finin \u00fcst versiyonu olarak ge\u00e7en N690 \u00e7eli\u011fi kullan\u0131yor ve \u0131s\u0131l i\u015flem konusunda ise kendi y\u00f6ntemlerimizle y\u00fcksek sertlik ve toklukta b\u0131\u00e7aklar \u00fcretiyoruz.<\/p>\t\t\t\t\t\t\t\t<\/div>\n\t\t\t\t<\/div>\n\t\t\t\t\t<\/div>\n\t\t<\/div>\n\t\t\t\t<div class=\"elementor-column elementor-col-50 elementor-top-column elementor-element elementor-element-8349dbd\" data-id=\"8349dbd\" data-element_type=\"column\" data-e-type=\"column\">\n\t\t\t<div class=\"elementor-widget-wrap elementor-element-populated\">\n\t\t\t\t\t\t<div class=\"elementor-element elementor-element-8fba14f elementor-widget elementor-widget-text-editor\" data-id=\"8fba14f\" data-element_type=\"widget\" data-e-type=\"widget\" data-widget_type=\"text-editor.default\">\n\t\t\t\t<div class=\"elementor-widget-container\">\n\t\t\t\t\t\t\t\t\t<p>Kabzalar\u0131m\u0131z ise kesinlikle su almayacak \u015fekilde \u00f6zel i\u015flemlerden ge\u00e7iyor. T\u00fcrkiye\u2019 ye \u00f6zg\u00fc olan zeytin ve ceviz a\u011fac\u0131 kullan\u0131ma a\u011f\u0131rl\u0131k vererek m\u00fc\u015fterilerimizin be\u011fenisine sunuyoruz.<\/p><p>\u0130lerleyen zamanlarda bir d\u00fcnya markas\u0131 olabilmek i\u00e7in Nizam B\u0131\u00e7ak olarak ana slogan\u0131m\u0131z\u00a0<strong>\u201cHep daha iyisi ve daha kalitelisi\u201d<\/strong><\/p>\t\t\t\t\t\t\t\t<\/div>\n\t\t\t\t<\/div>\n\t\t\t\t\t<\/div>\n\t\t<\/div>\n\t\t\t\t\t<\/div>\n\t\t<\/section>\n\t\t\t\t<section class=\"elementor-section elementor-top-section elementor-element elementor-element-b847bbc elementor-section-height-min-height elementor-section-stretched elementor-section-boxed elementor-section-height-default elementor-section-items-middle\" data-id=\"b847bbc\" data-element_type=\"section\" data-e-type=\"section\" data-settings=\"{&quot;stretch_section&quot;:&quot;section-stretched&quot;,&quot;background_background&quot;:&quot;classic&quot;}\">\n\t\t\t\t\t\t<div class=\"elementor-container elementor-column-gap-default\">\n\t\t\t\t\t<div class=\"elementor-column elementor-col-100 elementor-top-column elementor-element elementor-element-5bec93f\" data-id=\"5bec93f\" data-element_type=\"column\" data-e-type=\"column\">\n\t\t\t<div class=\"elementor-widget-wrap elementor-element-populated\">\n\t\t\t\t\t\t<div class=\"elementor-element elementor-element-c848370 elementor-widget elementor-widget-text-editor\" data-id=\"c848370\" data-element_type=\"widget\" data-e-type=\"widget\" data-widget_type=\"text-editor.default\">\n\t\t\t\t<div class=\"elementor-widget-container\">\n\t\t\t\t\t\t\t\t\t<h2 class=\"sc_title sc_title_regular margin_top_tiny-\"><strong><span style=\"color: #ffffff;\">KAL\u0130TEL\u0130 BICA\u011eIN ADRES\u0130<\/span><\/strong><\/h2><div class=\"wpb_wrapper\"><div class=\"wpb_text_column wpb_content_element sc_item_descr\"><div class=\"wpb_wrapper\"><p><strong><span style=\"color: #ffffff;\">KULLANDI\u011eIMIZ MATERYALLER SAYES\u0130NDE KAL\u0130TES\u0130 DAHA FAZLA VE G\u00dcVEN\u0130L\u0130R.<\/span><\/strong><\/p><\/div><\/div><\/div>\t\t\t\t\t\t\t\t<\/div>\n\t\t\t\t<\/div>\n\t\t\t\t\t<\/div>\n\t\t<\/div>\n\t\t\t\t\t<\/div>\n\t\t<\/section>\n\t\t\t\t<\/div>\n\t\t","protected":false},"excerpt":{"rendered":"<p>N\u0130ZAM HANDMADE KN\u0130FE EL YAPIMI BI\u00c7AKLAR Herkesin iyi bir b\u0131\u00e7a\u011fa sahip olmas\u0131 i\u00e7in \u00e7\u0131kt\u0131\u011f\u0131m\u0131z bu yolda d\u00fcnyada bir marka haline [&hellip;]<\/p>\n","protected":false},"author":1,"featured_media":0,"parent":0,"menu_order":0,"comment_status":"closed","ping_status":"closed","template":"","meta":{"site-sidebar-layout":"default","site-content-layout":"","ast-site-content-layout":"default","site-content-style":"default","site-sidebar-style":"default","ast-global-header-display":"","ast-banner-title-visibility":"","ast-main-header-display":"","ast-hfb-above-header-display":"","ast-hfb-below-header-display":"","ast-hfb-mobile-header-display":"","site-post-title":"","ast-breadcrumbs-content":"","ast-featured-img":"","footer-sml-layout":"","ast-disable-related-posts":"","theme-transparent-header-meta":"","adv-header-id-meta":"","stick-header-meta":"","header-above-stick-meta":"","header-main-stick-meta":"","header-below-stick-meta":"","astra-migrate-meta-layouts":"default","ast-page-background-enabled":"default","ast-page-background-meta":{"desktop":{"background-color":"var(--ast-global-color-4)","background-image":"","background-repeat":"repeat","background-position":"center center","background-size":"auto","background-attachment":"scroll","background-type":"","background-media":"","overlay-type":"","overlay-color":"","overlay-opacity":"","overlay-gradient":""},"tablet":{"background-color":"","background-image":"","background-repeat":"repeat","background-position":"center center","background-size":"auto","background-attachment":"scroll","background-type":"","background-media":"","overlay-type":"","overlay-color":"","overlay-opacity":"","overlay-gradient":""},"mobile":{"background-color":"","background-image":"","background-repeat":"repeat","background-position":"center center","background-size":"auto","background-attachment":"scroll","background-type":"","background-media":"","overlay-type":"","overlay-color":"","overlay-opacity":"","overlay-gradient":""}},"ast-content-background-meta":{"desktop":{"background-color":"var(--ast-global-color-5)","background-image":"","background-repeat":"repeat","background-position":"center center","background-size":"auto","background-attachment":"scroll","background-type":"","background-media":"","overlay-type":"","overlay-color":"","overlay-opacity":"","overlay-gradient":""},"tablet":{"background-color":"var(--ast-global-color-5)","background-image":"","background-repeat":"repeat","background-position":"center center","background-size":"auto","background-attachment":"scroll","background-type":"","background-media":"","overlay-type":"","overlay-color":"","overlay-opacity":"","overlay-gradient":""},"mobile":{"background-color":"var(--ast-global-color-5)","background-image":"","background-repeat":"repeat","background-position":"center center","background-size":"auto","background-attachment":"scroll","background-type":"","background-media":"","overlay-type":"","overlay-color":"","overlay-opacity":"","overlay-gradient":""}},"footnotes":""},"class_list":["post-17","page","type-page","status-publish","hentry"],"jetpack_sharing_enabled":true,"_links":{"self":[{"href":"https:\/\/nizamknife.com\/tr\/wp-json\/wp\/v2\/pages\/17","targetHints":{"allow":["GET"]}}],"collection":[{"href":"https:\/\/nizamknife.com\/tr\/wp-json\/wp\/v2\/pages"}],"about":[{"href":"https:\/\/nizamknife.com\/tr\/wp-json\/wp\/v2\/types\/page"}],"author":[{"embeddable":true,"href":"https:\/\/nizamknife.com\/tr\/wp-json\/wp\/v2\/users\/1"}],"replies":[{"embeddable":true,"href":"https:\/\/nizamknife.com\/tr\/wp-json\/wp\/v2\/comments?post=17"}],"version-history":[{"count":0,"href":"https:\/\/nizamknife.com\/tr\/wp-json\/wp\/v2\/pages\/17\/revisions"}],"wp:attachment":[{"href":"https:\/\/nizamknife.com\/tr\/wp-json\/wp\/v2\/media?parent=17"}],"curies":[{"name":"wp","href":"https:\/\/api.w.org\/{rel}","templated":true}]}}